{"id":5231,"date":"2022-03-02T13:07:55","date_gmt":"2022-03-02T12:07:55","guid":{"rendered":"https:\/\/microbiome-center.nl\/log-in\/mc_analyse_arts\/"},"modified":"2022-03-02T13:09:52","modified_gmt":"2022-03-02T12:09:52","slug":"mc_analyse_arts","status":"publish","type":"page","link":"https:\/\/microbiome-center.nl\/de\/log-in\/mc_analyse_arts\/","title":{"rendered":"#MC_Analyse_Arts"},"content":{"rendered":"<p>[et_pb_section fb_built=&#8220;1&#8243; _builder_version=&#8220;4.6.6&#8243; _module_preset=&#8220;default&#8220; background_image=&#8220;https:\/\/microbiome-center.nl\/wp-content\/uploads\/2020\/12\/microbiome-center-header-2-1110&#215;443-3.png&#8220; background_position=&#8220;bottom_left&#8220; module_alignment=&#8220;left&#8220; min_height=&#8220;450px&#8220; custom_padding=&#8220;||5px|||&#8220; collapsed=&#8220;off&#8220;][et_pb_row column_structure=&#8220;3_5,2_5&#8243; custom_padding_last_edited=&#8220;on|phone&#8220; _builder_version=&#8220;4.7.6&#8243; _module_preset=&#8220;default&#8220; height_tablet=&#8220;&#8220; height_phone=&#8220;&#8220; height_last_edited=&#8220;on|phone&#8220; custom_margin=&#8220;15px|auto|1px|auto|false|false&#8220; custom_margin_tablet=&#8220;&#8220; custom_margin_phone=&#8220;||0px||false|false&#8220; custom_margin_last_edited=&#8220;on|phone&#8220; custom_padding=&#8220;0px||7px||false|false&#8220; custom_padding_tablet=&#8220;&#8220; custom_padding_phone=&#8220;35px||0px||false|false&#8220; animation_style=&#8220;flip&#8220; collapsed=&#8220;off&#8220;][et_pb_column type=&#8220;3_5&#8243; _builder_version=&#8220;4.6.6&#8243; _module_preset=&#8220;default&#8220;][et_pb_image src=&#8220;https:\/\/microbiome-center.nl\/wp-content\/uploads\/2020\/11\/microbiome-center-logo-1.png&#8220; title_text=&#8220;microbiome-center-logo&#8220; url=&#8220;https:\/\/microbiome-center.nl\/de\/&#8220; admin_label=&#8220;MC Logo afbeelding&#8220; _builder_version=&#8220;4.7.6&#8243; _module_preset=&#8220;default&#8220; width=&#8220;70%&#8220; custom_margin=&#8220;||15px|||&#8220;][\/et_pb_image][et_pb_text admin_label=&#8220;Inleidende tekst&#8220; _builder_version=&#8220;4.7.6&#8243; text_font=&#8220;Titillium Web|600|||||||&#8220; text_text_color=&#8220;#2e2645&#8243; text_font_size=&#8220;16px&#8220; text_line_height=&#8220;1.5em&#8220; header_font=&#8220;Titillium Web|700|||||||&#8220; header_text_align=&#8220;left&#8220; header_text_color=&#8220;#2e2645&#8243; header_font_size=&#8220;38px&#8220; header_line_height=&#8220;1.2em&#8220; background_layout=&#8220;dark&#8220; max_width_tablet=&#8220;&#8220; max_width_phone=&#8220;&#8220; max_width_last_edited=&#8220;on|desktop&#8220; custom_margin=&#8220;36px|||||&#8220; custom_padding=&#8220;|29px||||&#8220; text_font_size_tablet=&#8220;16px&#8220; text_font_size_phone=&#8220;14px&#8220; text_font_size_last_edited=&#8220;on|phone&#8220; header_font_size_tablet=&#8220;40px&#8220; header_font_size_phone=&#8220;24px&#8220; header_font_size_last_edited=&#8220;on|phone&#8220; locked=&#8220;off&#8220; text_font_size__hover=&#8220;14px&#8220; text_font_size__hover_enabled=&#8220;14px&#8220;]<\/p>\n<h1>Erl\u00e4uterung zum MC-Netzwerk: Analyse erstellen<\/h1>\n<p>&nbsp;<\/p>\n<p>F\u00fcr Benutzer mit Fragen werden unten zus\u00e4tzliche Erkl\u00e4rungen bereitgestellt. <br \/>Sollten Sie weitere Fragen haben, z\u00f6gern Sie bitte nicht uns zu kontaktieren.<\/p>\n<p>[\/et_pb_text][\/et_pb_column][et_pb_column type=&#8220;2_5&#8243; _builder_version=&#8220;4.6.6&#8243; _module_preset=&#8220;default&#8220;][\/et_pb_column][\/et_pb_row][\/et_pb_section][et_pb_section fb_built=&#8220;1&#8243; _builder_version=&#8220;4.7.6&#8243; _module_preset=&#8220;default&#8220;][et_pb_row _builder_version=&#8220;4.7.6&#8243; _module_preset=&#8220;default&#8220;][et_pb_column type=&#8220;4_4&#8243; _builder_version=&#8220;4.7.6&#8243; _module_preset=&#8220;default&#8220;][et_pb_text _builder_version=&#8220;4.7.6&#8243; _module_preset=&#8220;default&#8220;]<\/p>\n<p>Die Eingabe einer neuen Analyseauftrag:<\/p>\n<p>1. Registrieren Sie, f\u00fcr welche Patient der Analyse ist. Sie k\u00f6nnen w\u00e4hlen zwischen:<br \/>(a) ein bereits registrierter Patient, der mit Ihnen verbunden ist. Diese w\u00e4hlen Sie aus dem Dropdown-Men\u00fc aus. Wenn Sie den Patient nicht sehen, ist er m\u00f6glicherweise noch nicht mit Ihnen verbunden.<br \/>(b) Registrieren des Patients nach Geburtsdatum und Nachname.<\/p>\n<p>2. W\u00e4hlen Sie das Labor aus. Wir arbeiten mit Biovis zusammen, die am besten funktionelle Analysen f\u00fcr unser Behandlungsziel liefern kann. W\u00e4hlen Sie also Biovis.<\/p>\n<p>3. Nachdem Sie das Labor ausgew\u00e4hlt haben, erscheinen die Analyseoptionen auf Ihrem Schirm. Wenn Sie eine breite Analyse w\u00fcnschen und\/oder noch keine genaue Fragestellung haben, die untersucht werden soll, k\u00f6nnen Sie sich f\u00fcr eines der Standard-Analysepakete entscheiden. Auf dem \u201ei\u201c-Symbol hinter dem Preis sehen Sie die Beschreibung dessen, was im jeweiligen Analyseauftrag untersucht wird.<br \/>Wenn Sie eine bestimmte Analysefrage haben, k\u00f6nnen Sie diese unten in der Liste der detaillierten Analysefragen ankreuzen. Beachten Sie, dass einige Parameter bereits in den Paketen enthalten sind. Ganz oben in der Liste der spezifischen Analysefragen befindet sich eine Suchfunktion, mit der Sie Text (Analysename) oder eine Nummer (Analysecode) ausw\u00e4hlen k\u00f6nnen.<\/p>\n<p>4. Wenn Sie unten mit dem gr\u00fcnen Button best\u00e4tigen, ist die Bestellung im System.<\/p>\n<p>5.\u00a0Im Men\u00fc &#8222;Rechnungen&#8220; wurde eine Rechnung als PDF erstellt. Es enth\u00e4lt alle f\u00fcr die Zahlung erforderlichen Informationen. Sie k\u00f6nnen dieses PDF ausdrucken und Ihrem Patienten mitgeben.<\/p>\n<p>6. Nachdem der Patient den Auftrag bezahlt hat, wird Ihren Praxis ein Testbeutel zugeschickt. Diesen Beutel kann Ihr Patient selbst f\u00fcllen und per Post an das Labor schicken.<\/p>\n<p>7. Nach ca. 2 Arbeitswochen wird der Befund in die Analyseliste aufgenommen.\u00a0<\/p>\n<p>[\/et_pb_text][\/et_pb_column][\/et_pb_row][\/et_pb_section]<\/p>\n","protected":false},"excerpt":{"rendered":"<p>Erl\u00e4uterung zum MC-Netzwerk: Analyse erstellen &nbsp; F\u00fcr Benutzer mit Fragen werden unten zus\u00e4tzliche Erkl\u00e4rungen bereitgestellt. Sollten Sie weitere Fragen haben, z\u00f6gern Sie bitte nicht uns zu kontaktieren.Die Eingabe einer neuen Analyseauftrag: 1. Registrieren Sie, f\u00fcr welche Patient der Analyse ist. Sie k\u00f6nnen w\u00e4hlen zwischen:(a) ein bereits registrierter Patient, der mit Ihnen verbunden ist. Diese w\u00e4hlen [&hellip;]<\/p>\n","protected":false},"author":6,"featured_media":0,"parent":4655,"menu_order":0,"comment_status":"closed","ping_status":"closed","template":"","meta":{"_acf_changed":false,"_et_pb_use_builder":"on","_et_pb_old_content":"","_et_gb_content_width":"","footnotes":""},"class_list":["post-5231","page","type-page","status-publish","hentry"],"acf":[],"yoast_head":"<!-- This site is optimized with the Yoast SEO plugin v27.2 - https:\/\/yoast.com\/product\/yoast-seo-wordpress\/ -->\n<title>#MC_Analyse_Arts - Microbiome Center<\/title>\n<meta name=\"robots\" content=\"index, follow, max-snippet:-1, max-image-preview:large, max-video-preview:-1\" \/>\n<link rel=\"canonical\" href=\"https:\/\/microbiome-center.nl\/de\/log-in\/mc_analyse_arts\/\" \/>\n<meta property=\"og:locale\" content=\"de_DE\" \/>\n<meta property=\"og:type\" content=\"article\" \/>\n<meta property=\"og:title\" content=\"#MC_Analyse_Arts - Microbiome Center\" \/>\n<meta property=\"og:description\" content=\"Medizinische Webinare Hier finden Sie kurze Zusammenfassungen von Webinaren zu medizinischen und klinischen Themen, beispielsweise zur Rolle eines wichtigen Stammes der n\u00e4chsten Generation: Akkermansia municiphilia.\" \/>\n<meta property=\"og:url\" content=\"https:\/\/microbiome-center.nl\/de\/log-in\/mc_analyse_arts\/\" \/>\n<meta property=\"og:site_name\" content=\"Microbiome Center\" \/>\n<meta property=\"article:modified_time\" content=\"2022-03-02T12:09:52+00:00\" \/>\n<meta name=\"twitter:card\" content=\"summary_large_image\" \/>\n<meta name=\"twitter:label1\" content=\"Gesch\u00e4tzte Lesezeit\" \/>\n\t<meta name=\"twitter:data1\" content=\"3\u00a0Minuten\" \/>\n<script type=\"application\/ld+json\" class=\"yoast-schema-graph\">{\"@context\":\"https:\/\/schema.org\",\"@graph\":[{\"@type\":\"WebPage\",\"@id\":\"https:\/\/microbiome-center.nl\/de\/log-in\/mc_analyse_arts\/\",\"url\":\"https:\/\/microbiome-center.nl\/de\/log-in\/mc_analyse_arts\/\",\"name\":\"#MC_Analyse_Arts - Microbiome Center\",\"isPartOf\":{\"@id\":\"https:\/\/microbiome-center.nl\/de\/#website\"},\"datePublished\":\"2022-03-02T12:07:55+00:00\",\"dateModified\":\"2022-03-02T12:09:52+00:00\",\"breadcrumb\":{\"@id\":\"https:\/\/microbiome-center.nl\/de\/log-in\/mc_analyse_arts\/#breadcrumb\"},\"inLanguage\":\"de\",\"potentialAction\":[{\"@type\":\"ReadAction\",\"target\":[\"https:\/\/microbiome-center.nl\/de\/log-in\/mc_analyse_arts\/\"]}]},{\"@type\":\"BreadcrumbList\",\"@id\":\"https:\/\/microbiome-center.nl\/de\/log-in\/mc_analyse_arts\/#breadcrumb\",\"itemListElement\":[{\"@type\":\"ListItem\",\"position\":1,\"name\":\"Home\",\"item\":\"https:\/\/microbiome-center.nl\/de\/\"},{\"@type\":\"ListItem\",\"position\":2,\"name\":\"log-in\",\"item\":\"https:\/\/microbiome-center.nl\/de\/log-in\/\"},{\"@type\":\"ListItem\",\"position\":3,\"name\":\"#MC_Analyse_Arts\"}]},{\"@type\":\"WebSite\",\"@id\":\"https:\/\/microbiome-center.nl\/de\/#website\",\"url\":\"https:\/\/microbiome-center.nl\/de\/\",\"name\":\"Microbiome Center\",\"description\":\"Nieuw licht op chronische klachten\",\"potentialAction\":[{\"@type\":\"SearchAction\",\"target\":{\"@type\":\"EntryPoint\",\"urlTemplate\":\"https:\/\/microbiome-center.nl\/de\/?s={search_term_string}\"},\"query-input\":{\"@type\":\"PropertyValueSpecification\",\"valueRequired\":true,\"valueName\":\"search_term_string\"}}],\"inLanguage\":\"de\"}]}<\/script>\n<!-- \/ Yoast SEO plugin. -->","yoast_head_json":{"title":"#MC_Analyse_Arts - Microbiome Center","robots":{"index":"index","follow":"follow","max-snippet":"max-snippet:-1","max-image-preview":"max-image-preview:large","max-video-preview":"max-video-preview:-1"},"canonical":"https:\/\/microbiome-center.nl\/de\/log-in\/mc_analyse_arts\/","og_locale":"de_DE","og_type":"article","og_title":"#MC_Analyse_Arts - Microbiome Center","og_description":"Medizinische Webinare Hier finden Sie kurze Zusammenfassungen von Webinaren zu medizinischen und klinischen Themen, beispielsweise zur Rolle eines wichtigen Stammes der n\u00e4chsten Generation: Akkermansia municiphilia.","og_url":"https:\/\/microbiome-center.nl\/de\/log-in\/mc_analyse_arts\/","og_site_name":"Microbiome Center","article_modified_time":"2022-03-02T12:09:52+00:00","twitter_card":"summary_large_image","twitter_misc":{"Gesch\u00e4tzte Lesezeit":"3\u00a0Minuten"},"schema":{"@context":"https:\/\/schema.org","@graph":[{"@type":"WebPage","@id":"https:\/\/microbiome-center.nl\/de\/log-in\/mc_analyse_arts\/","url":"https:\/\/microbiome-center.nl\/de\/log-in\/mc_analyse_arts\/","name":"#MC_Analyse_Arts - Microbiome Center","isPartOf":{"@id":"https:\/\/microbiome-center.nl\/de\/#website"},"datePublished":"2022-03-02T12:07:55+00:00","dateModified":"2022-03-02T12:09:52+00:00","breadcrumb":{"@id":"https:\/\/microbiome-center.nl\/de\/log-in\/mc_analyse_arts\/#breadcrumb"},"inLanguage":"de","potentialAction":[{"@type":"ReadAction","target":["https:\/\/microbiome-center.nl\/de\/log-in\/mc_analyse_arts\/"]}]},{"@type":"BreadcrumbList","@id":"https:\/\/microbiome-center.nl\/de\/log-in\/mc_analyse_arts\/#breadcrumb","itemListElement":[{"@type":"ListItem","position":1,"name":"Home","item":"https:\/\/microbiome-center.nl\/de\/"},{"@type":"ListItem","position":2,"name":"log-in","item":"https:\/\/microbiome-center.nl\/de\/log-in\/"},{"@type":"ListItem","position":3,"name":"#MC_Analyse_Arts"}]},{"@type":"WebSite","@id":"https:\/\/microbiome-center.nl\/de\/#website","url":"https:\/\/microbiome-center.nl\/de\/","name":"Microbiome Center","description":"Nieuw licht op chronische klachten","potentialAction":[{"@type":"SearchAction","target":{"@type":"EntryPoint","urlTemplate":"https:\/\/microbiome-center.nl\/de\/?s={search_term_string}"},"query-input":{"@type":"PropertyValueSpecification","valueRequired":true,"valueName":"search_term_string"}}],"inLanguage":"de"}]}},"_links":{"self":[{"href":"https:\/\/microbiome-center.nl\/de\/wp-json\/wp\/v2\/pages\/5231","targetHints":{"allow":["GET"]}}],"collection":[{"href":"https:\/\/microbiome-center.nl\/de\/wp-json\/wp\/v2\/pages"}],"about":[{"href":"https:\/\/microbiome-center.nl\/de\/wp-json\/wp\/v2\/types\/page"}],"author":[{"embeddable":true,"href":"https:\/\/microbiome-center.nl\/de\/wp-json\/wp\/v2\/users\/6"}],"replies":[{"embeddable":true,"href":"https:\/\/microbiome-center.nl\/de\/wp-json\/wp\/v2\/comments?post=5231"}],"version-history":[{"count":3,"href":"https:\/\/microbiome-center.nl\/de\/wp-json\/wp\/v2\/pages\/5231\/revisions"}],"predecessor-version":[{"id":5234,"href":"https:\/\/microbiome-center.nl\/de\/wp-json\/wp\/v2\/pages\/5231\/revisions\/5234"}],"up":[{"embeddable":true,"href":"https:\/\/microbiome-center.nl\/de\/wp-json\/wp\/v2\/pages\/4655"}],"wp:attachment":[{"href":"https:\/\/microbiome-center.nl\/de\/wp-json\/wp\/v2\/media?parent=5231"}],"curies":[{"name":"wp","href":"https:\/\/api.w.org\/{rel}","templated":true}]}}