{"id":5202,"date":"2022-02-28T14:30:37","date_gmt":"2022-02-28T13:30:37","guid":{"rendered":"https:\/\/microbiome-center.nl\/log-in\/beratungshilfe\/"},"modified":"2022-03-04T21:10:12","modified_gmt":"2022-03-04T20:10:12","slug":"mc_beratungshilfe","status":"publish","type":"page","link":"https:\/\/microbiome-center.nl\/de\/log-in\/mc_beratungshilfe\/","title":{"rendered":"#Beratungshilfe"},"content":{"rendered":"<p>[et_pb_section fb_built=&#8220;1&#8243; _builder_version=&#8220;4.6.6&#8243; _module_preset=&#8220;default&#8220; background_image=&#8220;https:\/\/microbiome-center.nl\/wp-content\/uploads\/2020\/12\/microbiome-center-header-2-1110&#215;443-3.png&#8220; background_position=&#8220;bottom_left&#8220; module_alignment=&#8220;left&#8220; min_height=&#8220;450px&#8220; custom_padding=&#8220;||5px|||&#8220; collapsed=&#8220;off&#8220;][et_pb_row column_structure=&#8220;3_5,2_5&#8243; custom_padding_last_edited=&#8220;on|phone&#8220; _builder_version=&#8220;4.7.6&#8243; _module_preset=&#8220;default&#8220; height_tablet=&#8220;&#8220; height_phone=&#8220;&#8220; height_last_edited=&#8220;on|phone&#8220; custom_margin=&#8220;15px|auto|1px|auto|false|false&#8220; custom_margin_tablet=&#8220;&#8220; custom_margin_phone=&#8220;||0px||false|false&#8220; custom_margin_last_edited=&#8220;on|phone&#8220; custom_padding=&#8220;0px||7px||false|false&#8220; custom_padding_tablet=&#8220;&#8220; custom_padding_phone=&#8220;35px||0px||false|false&#8220; animation_style=&#8220;flip&#8220; collapsed=&#8220;off&#8220;][et_pb_column type=&#8220;3_5&#8243; _builder_version=&#8220;4.6.6&#8243; _module_preset=&#8220;default&#8220;][et_pb_image src=&#8220;https:\/\/microbiome-center.nl\/wp-content\/uploads\/2020\/11\/microbiome-center-logo-1.png&#8220; title_text=&#8220;microbiome-center-logo&#8220; url=&#8220;https:\/\/microbiome-center.nl\/de\/&#8220; admin_label=&#8220;MC Logo afbeelding&#8220; _builder_version=&#8220;4.7.6&#8243; _module_preset=&#8220;default&#8220; width=&#8220;70%&#8220; custom_margin=&#8220;||15px|||&#8220;][\/et_pb_image][et_pb_text admin_label=&#8220;Inleidende tekst&#8220; _builder_version=&#8220;4.7.6&#8243; text_font=&#8220;Titillium Web|600|||||||&#8220; text_text_color=&#8220;#2e2645&#8243; text_font_size=&#8220;16px&#8220; text_line_height=&#8220;1.5em&#8220; header_font=&#8220;Titillium Web|700|||||||&#8220; header_text_align=&#8220;left&#8220; header_text_color=&#8220;#2e2645&#8243; header_font_size=&#8220;38px&#8220; header_line_height=&#8220;1.2em&#8220; background_layout=&#8220;dark&#8220; max_width_tablet=&#8220;&#8220; max_width_phone=&#8220;&#8220; max_width_last_edited=&#8220;on|desktop&#8220; custom_margin=&#8220;36px|||||&#8220; custom_padding=&#8220;|29px||||&#8220; text_font_size_tablet=&#8220;16px&#8220; text_font_size_phone=&#8220;14px&#8220; text_font_size_last_edited=&#8220;on|phone&#8220; header_font_size_tablet=&#8220;40px&#8220; header_font_size_phone=&#8220;24px&#8220; header_font_size_last_edited=&#8220;on|phone&#8220; locked=&#8220;off&#8220; text_font_size__hover=&#8220;14px&#8220; text_font_size__hover_enabled=&#8220;14px&#8220;]<\/p>\n<h1>Die Anamnese- und Beratungshilfe<\/h1>\n<p>&nbsp;<\/p>\n<p>F\u00fcr Benutzer mit Fragen werden unten zus\u00e4tzliche Erkl\u00e4rungen bereitgestellt.<\/p>\n<p>Sollten Sie weitere Fragen haben, z\u00f6gern Sie bitte nicht uns zu kontaktieren.<\/p>\n<p>[\/et_pb_text][\/et_pb_column][et_pb_column type=&#8220;2_5&#8243; _builder_version=&#8220;4.6.6&#8243; _module_preset=&#8220;default&#8220;][\/et_pb_column][\/et_pb_row][\/et_pb_section][et_pb_section fb_built=&#8220;1&#8243; _builder_version=&#8220;4.7.6&#8243; _module_preset=&#8220;default&#8220;][et_pb_row _builder_version=&#8220;4.7.6&#8243; _module_preset=&#8220;default&#8220;][et_pb_column type=&#8220;4_4&#8243; _builder_version=&#8220;4.7.6&#8243; _module_preset=&#8220;default&#8220;][et_pb_text _builder_version=&#8220;4.7.6&#8243; _module_preset=&#8220;default&#8220;]<\/p>\n<p><strong>Ihre Wissensbasis: Anamnese und Beratungshilfe<\/strong><\/p>\n<p>Da es so viele Bakterienarten und ein Vielfaches an Ver\u00f6ffentlichungen gibt, haben wir die wichtigsten wissenschaftlichen Erkenntnisse, die wir gefunden haben, in Form einer Anamnesehilfe f\u00fcr Sie zusammengestellt. Die zentrale Frage ist immer: \u201eMein Klient hat diese Eigenschaft, wurde dar\u00fcber etwas publiziert, was ein Ansatzpunkt f\u00fcr eine Behandlung sein kann?\u201c Wenn Sie also Kundenattribute eingeben, sucht der Ratgeber nach wissenschaftlichen Treffern.<\/p>\n<p>Das Ergebnis ist eine Sammlung von Klientenmerkmalen, zu denen wissenschaftliche Publikationen erschienen sind. Es werden nur Sachverhalte angesprochen, f\u00fcr die ein wissenschaftlicher Bezug gefunden wurde. Die Referenzen finden Sie im Ergebnis der Beratungshilfe: So ist immer transparent, was einem Vorschlag zugrunde liegt. Seine Verwendung umfasst vier Schritte.<\/p>\n<p>1. W\u00e4hlen Sie aus, f\u00fcr welchen Klient ihren Daten gilt. Dadurch ist es m\u00f6glich, Ihre Befunde zu einem sp\u00e4teren Zeitpunkt (z. B. in einem Folgegespr\u00e4ch) abzurufen und sofort zu bemerken, was sich seit der letzten Interpretation ge\u00e4ndert hat. Der letzte Eintrag wird vom System gespeichert, bis Sie einen neuen Eintrag speichern.<\/p>\n<p>2. Schreiben Sie die Beschwerden auf. Es betrifft die Beschwerden, wie Sie sie finden, wenn Sie den Klienten fragen. Bitte beachten Sie, dass Sie nicht alle Fragen beantworten m\u00fcssen. Jede Frage, die Sie unbeantwortet lassen, wird in den endg\u00fcltigen Vorschl\u00e4gen nicht ber\u00fccksichtigt. Auf diese Weise k\u00f6nnen Sie die Beratung relativ schnell durchgehen: Sie klicken nur auf das, was Sie wichtig finden, und das wird dann zur Grundlage f\u00fcr das Ergebnis.<\/p>\n<p>3. Schreiben Sie auf, was Ihrer Meinung nach am medizinischen Hintergrund Ihres Klienten wichtig ist. Gut zu wissen, dass nur medizinische Fragestellungen aufgenommen werden, die eindeutig f\u00fcr das Mikrobiom relevant sind und in Behandlungsoptionen \u00fcbersetzt werden k\u00f6nnen. Aus diesem Grund sehen Sie im Fragebogen eine begrenzte Anzahl medizinischer Fragen.<\/p>\n<p>4. Notieren Sie die wichtigsten Ergebnisse aus dem Laborbefund. Auch hier sehen Sie, dass nur die Fragen gestellt werden, aus denen sich auch konkrete Behandlungsm\u00f6glichkeiten ergeben k\u00f6nnen.<\/p>\n<p>Nach Eingabe Ihrer Befunde generiert die Wissensdatenbank einen Behandlungsvorschlag, in dem jeder Teil mit seiner Begr\u00fcndung versehen wird. Sie k\u00f6nnen jeden Teil selbst anpassen. Das ist wichtig, weil Sie als Arzt bestimmen, wie ein Rezept zusammengestellt werden soll, und die Beratungshilfe Ihnen nur Erkenntnisse vermittelt, die Sie f\u00fcr Ihre Beurteilung nutzen k\u00f6nnen. Wenn Sie unten auf der Vorschlagsseite auf den gr\u00fcnen Button \u201eOK, Rezept erstellen\u201c klicken, gelangen Sie zum Rezeptformular.<\/p>\n<p>Das Rezept, das Sie in Ihrer Rolle als Arzt auf dem Rezeptformular (mit dem gr\u00fcnen &#8222;Hinzuf\u00fcgen&#8220;-Button) freigeben, wird weitergeleitet an der Apotheker als Bestellung . Er pr\u00fcft es, bereitet es auf und schickt es an die gew\u00fcnschte Adresse. Wenn Sie keine Klientenadresse angegeben haben, wird das Rezept an die Adresse Ihrer Praxis gesendet.<\/p>\n<p>[\/et_pb_text][\/et_pb_column][\/et_pb_row][\/et_pb_section]<\/p>\n","protected":false},"excerpt":{"rendered":"<p>Die Anamnese- und Beratungshilfe &nbsp; F\u00fcr Benutzer mit Fragen werden unten zus\u00e4tzliche Erkl\u00e4rungen bereitgestellt. Sollten Sie weitere Fragen haben, z\u00f6gern Sie bitte nicht uns zu kontaktieren.Ihre Wissensbasis: Anamnese und Beratungshilfe Da es so viele Bakterienarten und ein Vielfaches an Ver\u00f6ffentlichungen gibt, haben wir die wichtigsten wissenschaftlichen Erkenntnisse, die wir gefunden haben, in Form einer Anamnesehilfe [&hellip;]<\/p>\n","protected":false},"author":4,"featured_media":0,"parent":4655,"menu_order":0,"comment_status":"closed","ping_status":"closed","template":"","meta":{"_acf_changed":false,"_et_pb_use_builder":"on","_et_pb_old_content":"","_et_gb_content_width":"","footnotes":""},"class_list":["post-5202","page","type-page","status-publish","hentry"],"acf":[],"yoast_head":"<!-- This site is optimized with the Yoast SEO plugin v27.2 - https:\/\/yoast.com\/product\/yoast-seo-wordpress\/ -->\n<title>#Beratungshilfe - Microbiome Center<\/title>\n<meta name=\"robots\" content=\"index, follow, max-snippet:-1, max-image-preview:large, max-video-preview:-1\" \/>\n<link rel=\"canonical\" href=\"https:\/\/microbiome-center.nl\/de\/log-in\/mc_beratungshilfe\/\" \/>\n<meta property=\"og:locale\" content=\"de_DE\" \/>\n<meta property=\"og:type\" content=\"article\" \/>\n<meta property=\"og:title\" content=\"#Beratungshilfe - Microbiome Center\" \/>\n<meta property=\"og:description\" content=\"Medizinische Webinare Hier finden Sie kurze Zusammenfassungen von Webinaren zu medizinischen und klinischen Themen, beispielsweise zur Rolle eines wichtigen Stammes der n\u00e4chsten Generation: Akkermansia municiphilia.\" \/>\n<meta property=\"og:url\" content=\"https:\/\/microbiome-center.nl\/de\/log-in\/mc_beratungshilfe\/\" \/>\n<meta property=\"og:site_name\" content=\"Microbiome Center\" \/>\n<meta property=\"article:modified_time\" content=\"2022-03-04T20:10:12+00:00\" \/>\n<meta name=\"twitter:card\" content=\"summary_large_image\" \/>\n<meta name=\"twitter:label1\" content=\"Gesch\u00e4tzte Lesezeit\" \/>\n\t<meta name=\"twitter:data1\" content=\"4\u00a0Minuten\" \/>\n<script type=\"application\/ld+json\" class=\"yoast-schema-graph\">{\"@context\":\"https:\/\/schema.org\",\"@graph\":[{\"@type\":\"WebPage\",\"@id\":\"https:\/\/microbiome-center.nl\/de\/log-in\/mc_beratungshilfe\/\",\"url\":\"https:\/\/microbiome-center.nl\/de\/log-in\/mc_beratungshilfe\/\",\"name\":\"#Beratungshilfe - Microbiome Center\",\"isPartOf\":{\"@id\":\"https:\/\/microbiome-center.nl\/de\/#website\"},\"datePublished\":\"2022-02-28T13:30:37+00:00\",\"dateModified\":\"2022-03-04T20:10:12+00:00\",\"breadcrumb\":{\"@id\":\"https:\/\/microbiome-center.nl\/de\/log-in\/mc_beratungshilfe\/#breadcrumb\"},\"inLanguage\":\"de\",\"potentialAction\":[{\"@type\":\"ReadAction\",\"target\":[\"https:\/\/microbiome-center.nl\/de\/log-in\/mc_beratungshilfe\/\"]}]},{\"@type\":\"BreadcrumbList\",\"@id\":\"https:\/\/microbiome-center.nl\/de\/log-in\/mc_beratungshilfe\/#breadcrumb\",\"itemListElement\":[{\"@type\":\"ListItem\",\"position\":1,\"name\":\"Home\",\"item\":\"https:\/\/microbiome-center.nl\/de\/\"},{\"@type\":\"ListItem\",\"position\":2,\"name\":\"log-in\",\"item\":\"https:\/\/microbiome-center.nl\/de\/log-in\/\"},{\"@type\":\"ListItem\",\"position\":3,\"name\":\"#Beratungshilfe\"}]},{\"@type\":\"WebSite\",\"@id\":\"https:\/\/microbiome-center.nl\/de\/#website\",\"url\":\"https:\/\/microbiome-center.nl\/de\/\",\"name\":\"Microbiome Center\",\"description\":\"Nieuw licht op chronische klachten\",\"potentialAction\":[{\"@type\":\"SearchAction\",\"target\":{\"@type\":\"EntryPoint\",\"urlTemplate\":\"https:\/\/microbiome-center.nl\/de\/?s={search_term_string}\"},\"query-input\":{\"@type\":\"PropertyValueSpecification\",\"valueRequired\":true,\"valueName\":\"search_term_string\"}}],\"inLanguage\":\"de\"}]}<\/script>\n<!-- \/ Yoast SEO plugin. -->","yoast_head_json":{"title":"#Beratungshilfe - Microbiome Center","robots":{"index":"index","follow":"follow","max-snippet":"max-snippet:-1","max-image-preview":"max-image-preview:large","max-video-preview":"max-video-preview:-1"},"canonical":"https:\/\/microbiome-center.nl\/de\/log-in\/mc_beratungshilfe\/","og_locale":"de_DE","og_type":"article","og_title":"#Beratungshilfe - Microbiome Center","og_description":"Medizinische Webinare Hier finden Sie kurze Zusammenfassungen von Webinaren zu medizinischen und klinischen Themen, beispielsweise zur Rolle eines wichtigen Stammes der n\u00e4chsten Generation: Akkermansia municiphilia.","og_url":"https:\/\/microbiome-center.nl\/de\/log-in\/mc_beratungshilfe\/","og_site_name":"Microbiome Center","article_modified_time":"2022-03-04T20:10:12+00:00","twitter_card":"summary_large_image","twitter_misc":{"Gesch\u00e4tzte Lesezeit":"4\u00a0Minuten"},"schema":{"@context":"https:\/\/schema.org","@graph":[{"@type":"WebPage","@id":"https:\/\/microbiome-center.nl\/de\/log-in\/mc_beratungshilfe\/","url":"https:\/\/microbiome-center.nl\/de\/log-in\/mc_beratungshilfe\/","name":"#Beratungshilfe - Microbiome Center","isPartOf":{"@id":"https:\/\/microbiome-center.nl\/de\/#website"},"datePublished":"2022-02-28T13:30:37+00:00","dateModified":"2022-03-04T20:10:12+00:00","breadcrumb":{"@id":"https:\/\/microbiome-center.nl\/de\/log-in\/mc_beratungshilfe\/#breadcrumb"},"inLanguage":"de","potentialAction":[{"@type":"ReadAction","target":["https:\/\/microbiome-center.nl\/de\/log-in\/mc_beratungshilfe\/"]}]},{"@type":"BreadcrumbList","@id":"https:\/\/microbiome-center.nl\/de\/log-in\/mc_beratungshilfe\/#breadcrumb","itemListElement":[{"@type":"ListItem","position":1,"name":"Home","item":"https:\/\/microbiome-center.nl\/de\/"},{"@type":"ListItem","position":2,"name":"log-in","item":"https:\/\/microbiome-center.nl\/de\/log-in\/"},{"@type":"ListItem","position":3,"name":"#Beratungshilfe"}]},{"@type":"WebSite","@id":"https:\/\/microbiome-center.nl\/de\/#website","url":"https:\/\/microbiome-center.nl\/de\/","name":"Microbiome Center","description":"Nieuw licht op chronische klachten","potentialAction":[{"@type":"SearchAction","target":{"@type":"EntryPoint","urlTemplate":"https:\/\/microbiome-center.nl\/de\/?s={search_term_string}"},"query-input":{"@type":"PropertyValueSpecification","valueRequired":true,"valueName":"search_term_string"}}],"inLanguage":"de"}]}},"_links":{"self":[{"href":"https:\/\/microbiome-center.nl\/de\/wp-json\/wp\/v2\/pages\/5202","targetHints":{"allow":["GET"]}}],"collection":[{"href":"https:\/\/microbiome-center.nl\/de\/wp-json\/wp\/v2\/pages"}],"about":[{"href":"https:\/\/microbiome-center.nl\/de\/wp-json\/wp\/v2\/types\/page"}],"author":[{"embeddable":true,"href":"https:\/\/microbiome-center.nl\/de\/wp-json\/wp\/v2\/users\/4"}],"replies":[{"embeddable":true,"href":"https:\/\/microbiome-center.nl\/de\/wp-json\/wp\/v2\/comments?post=5202"}],"version-history":[{"count":7,"href":"https:\/\/microbiome-center.nl\/de\/wp-json\/wp\/v2\/pages\/5202\/revisions"}],"predecessor-version":[{"id":5211,"href":"https:\/\/microbiome-center.nl\/de\/wp-json\/wp\/v2\/pages\/5202\/revisions\/5211"}],"up":[{"embeddable":true,"href":"https:\/\/microbiome-center.nl\/de\/wp-json\/wp\/v2\/pages\/4655"}],"wp:attachment":[{"href":"https:\/\/microbiome-center.nl\/de\/wp-json\/wp\/v2\/media?parent=5202"}],"curies":[{"name":"wp","href":"https:\/\/api.w.org\/{rel}","templated":true}]}}