{"id":4631,"date":"2021-12-19T16:39:54","date_gmt":"2021-12-19T15:39:54","guid":{"rendered":"https:\/\/microbiome-center.nl\/privacy-statement\/"},"modified":"2024-03-13T18:17:48","modified_gmt":"2024-03-13T17:17:48","slug":"privacy-statement","status":"publish","type":"page","link":"https:\/\/microbiome-center.nl\/de\/privacy-statement\/","title":{"rendered":"Privacy Statement"},"content":{"rendered":"<p>[et_pb_section fb_built=&#8220;1&#8243; custom_padding_last_edited=&#8220;on|phone&#8220; _builder_version=&#8220;4.16.0&#8243; _module_preset=&#8220;default&#8220; background_image=&#8220;https:\/\/microbiome-center.nl\/wp-content\/uploads\/2020\/11\/microbiome-center-header-2.jpg&#8220; custom_padding=&#8220;||75px|||&#8220; custom_padding_tablet=&#8220;||75px|||&#8220; custom_padding_phone=&#8220;||0px||false|false&#8220; global_colors_info=&#8220;{}&#8220;][et_pb_row column_structure=&#8220;1_2,1_2&#8243; custom_padding_last_edited=&#8220;on|phone&#8220; _builder_version=&#8220;4.16.0&#8243; _module_preset=&#8220;default&#8220; custom_margin=&#8220;50px||||false|false&#8220; custom_margin_tablet=&#8220;50px||||false|false&#8220; custom_margin_phone=&#8220;||0px||false|false&#8220; custom_margin_last_edited=&#8220;on|phone&#8220; custom_padding_tablet=&#8220;&#8220; custom_padding_phone=&#8220;||0px||false|false&#8220; global_colors_info=&#8220;{}&#8220;][et_pb_column type=&#8220;1_2&#8243; _builder_version=&#8220;4.16.0&#8243; _module_preset=&#8220;default&#8220; global_colors_info=&#8220;{}&#8220;][et_pb_text _builder_version=&#8220;4.16&#8243; _module_preset=&#8220;default&#8220; header_2_font=&#8220;Titillium Web|700|||||||&#8220; header_2_text_color=&#8220;#2e2645&#8243; custom_margin=&#8220;||3px|||&#8220; custom_padding=&#8220;9px|||||&#8220; global_colors_info=&#8220;{}&#8220;]<\/p>\n<h2>Privacy Statement<\/h2>\n<p>[\/et_pb_text][et_pb_text _builder_version=&#8220;4.16.0&#8243; _module_preset=&#8220;default&#8220; header_2_font=&#8220;Titillium Web|700|||||||&#8220; header_2_text_color=&#8220;#2e2645&#8243; custom_padding=&#8220;4px|||||&#8220; text_font_size_tablet=&#8220;&#8220; text_font_size_phone=&#8220;15px&#8220; text_font_size_last_edited=&#8220;on|phone&#8220; global_colors_info=&#8220;{}&#8220;]<\/p>\n<p>Wenn Sie eine Behandlung \u00fcber das Mikrobiomzentrum durchf\u00fchren lassen und Daten angeben, tun Sie dies immer freiwillig: Sie k\u00f6nnen zustimmen oder ablehnen (Achtung, so steht und f\u00e4llt Ihre Behandlung). Das Mikrobiom-Zentrum fragt Sie nur nach Daten, die f\u00fcr die Behandlung notwendig sind. \u00dcber die Behandlungsplattform des Microbiome Center geben Sie diese Daten nur an den Behandler weiter, mit dem Sie verbunden sind. Daneben werden Ihre Daten in anonymisierter Form genutzt, um zu erfahren, wie Behandlungen verbessert werden k\u00f6nnen. Informationen dar\u00fcber sind daher niemals auf Sie als Person zur\u00fcckzuf\u00fchren.<\/p>\n<p>Sie k\u00f6nnen die Behandlung jederzeit unterbrechen oder beenden. Sofern Sie dies w\u00fcnschen, werden die w\u00e4hrend der Behandlung anfallenden Daten gel\u00f6scht; mit Ausnahme der Behandlungsregistrierung, die aufgrund gesetzlicher Vorgaben in der Blockchain erfasst wird, und der Daten, die das Mikrobiomzentrum aufbewahren muss, um diese nachtr\u00e4glich abrechnen zu k\u00f6nnen. Als Aufbewahrungsfrist gelten die gesetzlichen Bestimmungen. Im Datenverkehr zwischen den beteiligten Organisationen werden die Daten verschl\u00fcsselt und gem\u00e4\u00df allen gesetzlichen Sicherheitsanforderungen behandelt.<\/p>\n<p>[\/et_pb_text][\/et_pb_column][et_pb_column type=&#8220;1_2&#8243; disabled_on=&#8220;on|off|off&#8220; _builder_version=&#8220;4.16.0&#8243; _module_preset=&#8220;default&#8220; global_colors_info=&#8220;{}&#8220;][\/et_pb_column][\/et_pb_row][\/et_pb_section][et_pb_section fb_built=&#8220;1&#8243; _builder_version=&#8220;4.16&#8243; _module_preset=&#8220;default&#8220; custom_padding=&#8220;16px|||||&#8220; global_colors_info=&#8220;{}&#8220;][et_pb_row module_id=&#8220;disclaimer&#8220; module_class=&#8220;disclaimer&#8220; _builder_version=&#8220;4.16&#8243; _module_preset=&#8220;default&#8220; global_colors_info=&#8220;{}&#8220;][et_pb_column type=&#8220;4_4&#8243; _builder_version=&#8220;4.16&#8243; _module_preset=&#8220;default&#8220; global_colors_info=&#8220;{}&#8220;][et_pb_text _builder_version=&#8220;4.16&#8243; _module_preset=&#8220;default&#8220; header_2_font=&#8220;Titillium Web|700|||||||&#8220; header_2_text_color=&#8220;#2e2645&#8243; custom_margin=&#8220;||3px|||&#8220; custom_padding=&#8220;4px|||||&#8220; global_colors_info=&#8220;{}&#8220;]<\/p>\n<h2>Medizinische Entscheidungen<\/h2>\n<p>[\/et_pb_text][et_pb_text _builder_version=&#8220;4.16.0&#8243; _module_preset=&#8220;default&#8220; header_2_font=&#8220;Titillium Web|700|||||||&#8220; header_2_text_color=&#8220;#2e2645&#8243; custom_padding=&#8220;4px|||||&#8220; text_font_size_tablet=&#8220;&#8220; text_font_size_phone=&#8220;15px&#8220; text_font_size_last_edited=&#8220;on|phone&#8220; global_colors_info=&#8220;{}&#8220;]<\/p>\n<p>F\u00fcr alle medizinischen Entscheidungen bei Ihrer Behandlung gilt die volle berufliche Handlungsfreiheit des Arztes und Apothekers. Das Mikrobiom-Zentrum unterst\u00fctzt sie dabei.<\/p>\n<p>[\/et_pb_text][\/et_pb_column][\/et_pb_row][\/et_pb_section]<\/p>\n","protected":false},"excerpt":{"rendered":"<p>Privacy StatementWenn Sie eine Behandlung \u00fcber das Mikrobiomzentrum durchf\u00fchren lassen und Daten angeben, tun Sie dies immer freiwillig: Sie k\u00f6nnen zustimmen oder ablehnen (Achtung, so steht und f\u00e4llt Ihre Behandlung). Das Mikrobiom-Zentrum fragt Sie nur nach Daten, die f\u00fcr die Behandlung notwendig sind. \u00dcber die Behandlungsplattform des Microbiome Center geben Sie diese Daten nur an [&hellip;]<\/p>\n","protected":false},"author":4,"featured_media":0,"parent":0,"menu_order":0,"comment_status":"closed","ping_status":"closed","template":"","meta":{"_acf_changed":false,"_et_pb_use_builder":"on","_et_pb_old_content":"","_et_gb_content_width":"","footnotes":""},"class_list":["post-4631","page","type-page","status-publish","hentry"],"acf":[],"yoast_head":"<!-- This site is optimized with the Yoast SEO plugin v27.2 - https:\/\/yoast.com\/product\/yoast-seo-wordpress\/ -->\n<title>Privacy Statement - Microbiome Center<\/title>\n<meta name=\"robots\" content=\"index, follow, max-snippet:-1, max-image-preview:large, max-video-preview:-1\" \/>\n<link rel=\"canonical\" href=\"https:\/\/microbiome-center.nl\/de\/privacy-statement\/\" \/>\n<meta property=\"og:locale\" content=\"de_DE\" \/>\n<meta property=\"og:type\" content=\"article\" \/>\n<meta property=\"og:title\" content=\"Privacy Statement - Microbiome Center\" \/>\n<meta property=\"og:description\" content=\"Medizinische Webinare Hier finden Sie kurze Zusammenfassungen von Webinaren zu medizinischen und klinischen Themen, beispielsweise zur Rolle eines wichtigen Stammes der n\u00e4chsten Generation: Akkermansia municiphilia.\" \/>\n<meta property=\"og:url\" content=\"https:\/\/microbiome-center.nl\/de\/privacy-statement\/\" \/>\n<meta property=\"og:site_name\" content=\"Microbiome Center\" \/>\n<meta property=\"article:modified_time\" content=\"2024-03-13T17:17:48+00:00\" \/>\n<meta name=\"twitter:card\" content=\"summary_large_image\" \/>\n<meta name=\"twitter:label1\" content=\"Gesch\u00e4tzte Lesezeit\" \/>\n\t<meta name=\"twitter:data1\" content=\"2\u00a0Minuten\" \/>\n<script type=\"application\/ld+json\" class=\"yoast-schema-graph\">{\"@context\":\"https:\/\/schema.org\",\"@graph\":[{\"@type\":\"WebPage\",\"@id\":\"https:\/\/microbiome-center.nl\/de\/privacy-statement\/\",\"url\":\"https:\/\/microbiome-center.nl\/de\/privacy-statement\/\",\"name\":\"Privacy Statement - Microbiome Center\",\"isPartOf\":{\"@id\":\"https:\/\/microbiome-center.nl\/de\/#website\"},\"datePublished\":\"2021-12-19T15:39:54+00:00\",\"dateModified\":\"2024-03-13T17:17:48+00:00\",\"breadcrumb\":{\"@id\":\"https:\/\/microbiome-center.nl\/de\/privacy-statement\/#breadcrumb\"},\"inLanguage\":\"de\",\"potentialAction\":[{\"@type\":\"ReadAction\",\"target\":[\"https:\/\/microbiome-center.nl\/de\/privacy-statement\/\"]}]},{\"@type\":\"BreadcrumbList\",\"@id\":\"https:\/\/microbiome-center.nl\/de\/privacy-statement\/#breadcrumb\",\"itemListElement\":[{\"@type\":\"ListItem\",\"position\":1,\"name\":\"Home\",\"item\":\"https:\/\/microbiome-center.nl\/de\/\"},{\"@type\":\"ListItem\",\"position\":2,\"name\":\"Privacy Statement\"}]},{\"@type\":\"WebSite\",\"@id\":\"https:\/\/microbiome-center.nl\/de\/#website\",\"url\":\"https:\/\/microbiome-center.nl\/de\/\",\"name\":\"Microbiome Center\",\"description\":\"Nieuw licht op chronische klachten\",\"potentialAction\":[{\"@type\":\"SearchAction\",\"target\":{\"@type\":\"EntryPoint\",\"urlTemplate\":\"https:\/\/microbiome-center.nl\/de\/?s={search_term_string}\"},\"query-input\":{\"@type\":\"PropertyValueSpecification\",\"valueRequired\":true,\"valueName\":\"search_term_string\"}}],\"inLanguage\":\"de\"}]}<\/script>\n<!-- \/ Yoast SEO plugin. -->","yoast_head_json":{"title":"Privacy Statement - Microbiome Center","robots":{"index":"index","follow":"follow","max-snippet":"max-snippet:-1","max-image-preview":"max-image-preview:large","max-video-preview":"max-video-preview:-1"},"canonical":"https:\/\/microbiome-center.nl\/de\/privacy-statement\/","og_locale":"de_DE","og_type":"article","og_title":"Privacy Statement - Microbiome Center","og_description":"Medizinische Webinare Hier finden Sie kurze Zusammenfassungen von Webinaren zu medizinischen und klinischen Themen, beispielsweise zur Rolle eines wichtigen Stammes der n\u00e4chsten Generation: Akkermansia municiphilia.","og_url":"https:\/\/microbiome-center.nl\/de\/privacy-statement\/","og_site_name":"Microbiome Center","article_modified_time":"2024-03-13T17:17:48+00:00","twitter_card":"summary_large_image","twitter_misc":{"Gesch\u00e4tzte Lesezeit":"2\u00a0Minuten"},"schema":{"@context":"https:\/\/schema.org","@graph":[{"@type":"WebPage","@id":"https:\/\/microbiome-center.nl\/de\/privacy-statement\/","url":"https:\/\/microbiome-center.nl\/de\/privacy-statement\/","name":"Privacy Statement - Microbiome Center","isPartOf":{"@id":"https:\/\/microbiome-center.nl\/de\/#website"},"datePublished":"2021-12-19T15:39:54+00:00","dateModified":"2024-03-13T17:17:48+00:00","breadcrumb":{"@id":"https:\/\/microbiome-center.nl\/de\/privacy-statement\/#breadcrumb"},"inLanguage":"de","potentialAction":[{"@type":"ReadAction","target":["https:\/\/microbiome-center.nl\/de\/privacy-statement\/"]}]},{"@type":"BreadcrumbList","@id":"https:\/\/microbiome-center.nl\/de\/privacy-statement\/#breadcrumb","itemListElement":[{"@type":"ListItem","position":1,"name":"Home","item":"https:\/\/microbiome-center.nl\/de\/"},{"@type":"ListItem","position":2,"name":"Privacy Statement"}]},{"@type":"WebSite","@id":"https:\/\/microbiome-center.nl\/de\/#website","url":"https:\/\/microbiome-center.nl\/de\/","name":"Microbiome Center","description":"Nieuw licht op chronische klachten","potentialAction":[{"@type":"SearchAction","target":{"@type":"EntryPoint","urlTemplate":"https:\/\/microbiome-center.nl\/de\/?s={search_term_string}"},"query-input":{"@type":"PropertyValueSpecification","valueRequired":true,"valueName":"search_term_string"}}],"inLanguage":"de"}]}},"_links":{"self":[{"href":"https:\/\/microbiome-center.nl\/de\/wp-json\/wp\/v2\/pages\/4631","targetHints":{"allow":["GET"]}}],"collection":[{"href":"https:\/\/microbiome-center.nl\/de\/wp-json\/wp\/v2\/pages"}],"about":[{"href":"https:\/\/microbiome-center.nl\/de\/wp-json\/wp\/v2\/types\/page"}],"author":[{"embeddable":true,"href":"https:\/\/microbiome-center.nl\/de\/wp-json\/wp\/v2\/users\/4"}],"replies":[{"embeddable":true,"href":"https:\/\/microbiome-center.nl\/de\/wp-json\/wp\/v2\/comments?post=4631"}],"version-history":[{"count":13,"href":"https:\/\/microbiome-center.nl\/de\/wp-json\/wp\/v2\/pages\/4631\/revisions"}],"predecessor-version":[{"id":8988,"href":"https:\/\/microbiome-center.nl\/de\/wp-json\/wp\/v2\/pages\/4631\/revisions\/8988"}],"wp:attachment":[{"href":"https:\/\/microbiome-center.nl\/de\/wp-json\/wp\/v2\/media?parent=4631"}],"curies":[{"name":"wp","href":"https:\/\/api.w.org\/{rel}","templated":true}]}}