{"id":4603,"date":"2021-12-19T15:08:41","date_gmt":"2021-12-19T14:08:41","guid":{"rendered":"https:\/\/microbiome-center.nl\/geschaeftsbedingungen\/"},"modified":"2023-09-21T21:08:30","modified_gmt":"2023-09-21T19:08:30","slug":"geschaeftsbedingungen","status":"publish","type":"page","link":"https:\/\/microbiome-center.nl\/de\/geschaeftsbedingungen\/","title":{"rendered":"Gesch\u00e4ftsbedingungen"},"content":{"rendered":"<p>[et_pb_section fb_built=&#8220;1&#8243; _builder_version=&#8220;4.16&#8243; _module_preset=&#8220;default&#8220; background_image=&#8220;https:\/\/microbiome-center.nl\/wp-content\/uploads\/2020\/11\/microbiome-center-header-2.jpg&#8220; min_height=&#8220;497px&#8220; custom_padding=&#8220;||43px|||&#8220; global_colors_info=&#8220;{}&#8220;][et_pb_row column_structure=&#8220;1_2,1_2&#8243; _builder_version=&#8220;4.16&#8243; _module_preset=&#8220;default&#8220; global_colors_info=&#8220;{}&#8220;][et_pb_column type=&#8220;1_2&#8243; _builder_version=&#8220;4.16&#8243; _module_preset=&#8220;default&#8220; global_colors_info=&#8220;{}&#8220;][et_pb_image src=&#8220;https:\/\/microbiome-center.nl\/wp-content\/uploads\/2020\/11\/microbiome-center-logo-1.png&#8220; title_text=&#8220;microbiome-center-logo&#8220; url=&#8220;https:\/\/microbiome-center.nl\/de\/&#8220; _builder_version=&#8220;4.16&#8243; _module_preset=&#8220;default&#8220; global_colors_info=&#8220;{}&#8220;][\/et_pb_image][et_pb_text _builder_version=&#8220;4.16&#8243; _module_preset=&#8220;default&#8220; header_2_font=&#8220;Titillium Web|700|||||||&#8220; header_2_text_color=&#8220;#2e2645&#8243; custom_margin=&#8220;||3px|||&#8220; custom_padding=&#8220;19px|||||&#8220; global_colors_info=&#8220;{}&#8220;]<\/p>\n<h2>Gesch\u00e4ftsbedingungen<\/h2>\n<p>[\/et_pb_text][et_pb_text _builder_version=&#8220;4.21.0&#8243; _module_preset=&#8220;default&#8220; header_2_font=&#8220;Titillium Web|700|||||||&#8220; header_2_text_color=&#8220;#2e2645&#8243; custom_padding=&#8220;4px||0px|||&#8220; hover_enabled=&#8220;0&#8243; global_colors_info=&#8220;{}&#8220; sticky_enabled=&#8220;0&#8243;]<\/p>\n<p>Das Microbiome Center erm\u00f6glicht \u00c4rzten und Apothekern, ihren Kunden personalisierte Mikrobiom-Interventionen anzubieten. Dazu bringt das Microbiome Center Wissen und Einrichtungen ein und unterst\u00fctzt die Wissensentwicklung zwischen den Aktiven.<\/p>\n<p>[\/et_pb_text][\/et_pb_column][et_pb_column type=&#8220;1_2&#8243; _builder_version=&#8220;4.16&#8243; _module_preset=&#8220;default&#8220; global_colors_info=&#8220;{}&#8220;][\/et_pb_column][\/et_pb_row][\/et_pb_section][et_pb_section fb_built=&#8220;1&#8243; _builder_version=&#8220;4.16&#8243; _module_preset=&#8220;default&#8220; min_height=&#8220;304.1px&#8220; custom_margin=&#8220;6px|||||&#8220; custom_padding=&#8220;37px|||||&#8220; global_colors_info=&#8220;{}&#8220;][et_pb_row column_structure=&#8220;1_2,1_2&#8243; _builder_version=&#8220;4.16&#8243; _module_preset=&#8220;default&#8220; min_height=&#8220;216.1px&#8220; global_colors_info=&#8220;{}&#8220;][et_pb_column type=&#8220;1_2&#8243; _builder_version=&#8220;4.16&#8243; _module_preset=&#8220;default&#8220; global_colors_info=&#8220;{}&#8220;][et_pb_text _builder_version=&#8220;4.21.0&#8243; _module_preset=&#8220;default&#8220; custom_padding=&#8220;||0px|||&#8220; hover_enabled=&#8220;0&#8243; global_colors_info=&#8220;{}&#8220; sticky_enabled=&#8220;0&#8243;]<\/p>\n<p>Bei der Bereitstellung von Wissen und Einrichtungen fungiert das Microbiome Center als Vermittler zwischen den beteiligten Fachleuten. Das Microbiome Center mischt sich nicht in die medizinischen Entscheidungen des Arztes oder die pharmazeutische Rolle des Apothekers ein.<\/p>\n<p>Als Vermittler von angeschlossenen Fachleuten sorgt das Microbiome Center auch f\u00fcr eine aktive Wissensentwicklung und einen aktiven Austausch zwischen den Fachleuten, indem es Erfahrungen auswertet und teilt und neue wissenschaftliche Erkenntnisse von anderer Seite einbringt.<\/p>\n<p>[\/et_pb_text][et_pb_text _builder_version=&#8220;4.16&#8243; _module_preset=&#8220;default&#8220; custom_padding=&#8220;||0px|||&#8220; global_colors_info=&#8220;{}&#8220;]<\/p>\n<p>Bei der Erm\u00f6glichung der personalisierten Behandlungen durch die Fachkr\u00e4fte werden Daten zur Identifizierung des Kunden, die f\u00fcr die Behandlung wichtigen medizinischen Daten und die ausgew\u00e4hlten Eingriffe abgefragt.<\/p>\n<p>Es werden nur diejenigen Daten abgefragt und gespeichert, die f\u00fcr diesen Vorgang gem\u00e4\u00df der Datenschutzgrundverordnung erforderlich sind.<\/p>\n<p>[\/et_pb_text][\/et_pb_column][et_pb_column type=&#8220;1_2&#8243; _builder_version=&#8220;4.16&#8243; _module_preset=&#8220;default&#8220; global_colors_info=&#8220;{}&#8220;][et_pb_text _builder_version=&#8220;4.21.0&#8243; _module_preset=&#8220;default&#8220; hover_enabled=&#8220;0&#8243; global_colors_info=&#8220;{}&#8220; sticky_enabled=&#8220;0&#8243;]<\/p>\n<p>Aufgrund der unterst\u00fctzenden Rolle, in der \u00c4rzte und Apotheker ihre beruflichen Entscheidungen in v\u00f6lliger Freiheit treffen, ist das Microbiome Center nicht f\u00fcr die positiven oder negativen Auswirkungen von Behandlungen verantwortlich.<\/p>\n<p>Das Microbiome Center bem\u00fcht sich, die weltweit wichtigsten Mikrobiom-Expertise zu sammeln und Fachleuten zur Verf\u00fcgung zu stellen, eine absolute Vollst\u00e4ndigkeit kann jedoch nicht garantiert werden. F\u00fcr fehlende (neue) wissenschaftliche Erkenntnisse kann das Microbiome Center nicht haftbar gemacht werden.<\/p>\n<p>[\/et_pb_text][et_pb_text _builder_version=&#8220;4.21.0&#8243; _module_preset=&#8220;default&#8220; hover_enabled=&#8220;0&#8243; global_colors_info=&#8220;{}&#8220; sticky_enabled=&#8220;0&#8243;]<\/p>\n<p>Die erhobenen Daten sind und bleiben Eigentum des jeweiligen Nutzers, wobei der Nutzer f\u00fcr die Verwendung der Daten verantwortlich ist.<\/p>\n<p>Das Microbiome Center verarbeitet die Daten immer entsprechend dem Zweck der Behandlungen und entsprechend der Einwilligung des jeweiligen Nutzers.<\/p>\n<p>Mittels Cookies werden die Besucherzahlen der von Ihnen gerade besuchten \u00f6ffentlichen Website erfasst.<\/p>\n<p>[\/et_pb_text][\/et_pb_column][\/et_pb_row][\/et_pb_section]<\/p>\n","protected":false},"excerpt":{"rendered":"<p>Gesch\u00e4ftsbedingungenDas Microbiome Center erm\u00f6glicht \u00c4rzten und Apothekern, ihren Kunden personalisierte Mikrobiom-Interventionen anzubieten. Dazu bringt das Microbiome Center Wissen und Einrichtungen ein und unterst\u00fctzt die Wissensentwicklung zwischen den Aktiven.Bei der Bereitstellung von Wissen und Einrichtungen fungiert das Microbiome Center als Vermittler zwischen den beteiligten Fachleuten. Das Microbiome Center mischt sich nicht in die medizinischen Entscheidungen des [&hellip;]<\/p>\n","protected":false},"author":4,"featured_media":0,"parent":0,"menu_order":0,"comment_status":"closed","ping_status":"closed","template":"","meta":{"_acf_changed":false,"_et_pb_use_builder":"on","_et_pb_old_content":"","_et_gb_content_width":"","footnotes":""},"class_list":["post-4603","page","type-page","status-publish","hentry"],"acf":[],"yoast_head":"<!-- This site is optimized with the Yoast SEO plugin v27.2 - https:\/\/yoast.com\/product\/yoast-seo-wordpress\/ -->\n<title>Gesch\u00e4ftsbedingungen - Microbiome Center<\/title>\n<meta name=\"robots\" content=\"index, follow, max-snippet:-1, max-image-preview:large, max-video-preview:-1\" \/>\n<link rel=\"canonical\" href=\"https:\/\/microbiome-center.nl\/de\/geschaeftsbedingungen\/\" \/>\n<meta property=\"og:locale\" content=\"de_DE\" \/>\n<meta property=\"og:type\" content=\"article\" \/>\n<meta property=\"og:title\" content=\"Gesch\u00e4ftsbedingungen - Microbiome Center\" \/>\n<meta property=\"og:description\" content=\"Medizinische Webinare Hier finden Sie kurze Zusammenfassungen von Webinaren zu medizinischen und klinischen Themen, beispielsweise zur Rolle eines wichtigen Stammes der n\u00e4chsten Generation: Akkermansia municiphilia.\" \/>\n<meta property=\"og:url\" content=\"https:\/\/microbiome-center.nl\/de\/geschaeftsbedingungen\/\" \/>\n<meta property=\"og:site_name\" content=\"Microbiome Center\" \/>\n<meta property=\"article:modified_time\" content=\"2023-09-21T19:08:30+00:00\" \/>\n<meta name=\"twitter:card\" content=\"summary_large_image\" \/>\n<meta name=\"twitter:label1\" content=\"Gesch\u00e4tzte Lesezeit\" \/>\n\t<meta name=\"twitter:data1\" content=\"2\u00a0Minuten\" \/>\n<script type=\"application\/ld+json\" class=\"yoast-schema-graph\">{\"@context\":\"https:\/\/schema.org\",\"@graph\":[{\"@type\":\"WebPage\",\"@id\":\"https:\/\/microbiome-center.nl\/de\/geschaeftsbedingungen\/\",\"url\":\"https:\/\/microbiome-center.nl\/de\/geschaeftsbedingungen\/\",\"name\":\"Gesch\u00e4ftsbedingungen - Microbiome Center\",\"isPartOf\":{\"@id\":\"https:\/\/microbiome-center.nl\/de\/#website\"},\"datePublished\":\"2021-12-19T14:08:41+00:00\",\"dateModified\":\"2023-09-21T19:08:30+00:00\",\"breadcrumb\":{\"@id\":\"https:\/\/microbiome-center.nl\/de\/geschaeftsbedingungen\/#breadcrumb\"},\"inLanguage\":\"de\",\"potentialAction\":[{\"@type\":\"ReadAction\",\"target\":[\"https:\/\/microbiome-center.nl\/de\/geschaeftsbedingungen\/\"]}]},{\"@type\":\"BreadcrumbList\",\"@id\":\"https:\/\/microbiome-center.nl\/de\/geschaeftsbedingungen\/#breadcrumb\",\"itemListElement\":[{\"@type\":\"ListItem\",\"position\":1,\"name\":\"Home\",\"item\":\"https:\/\/microbiome-center.nl\/de\/\"},{\"@type\":\"ListItem\",\"position\":2,\"name\":\"Gesch\u00e4ftsbedingungen\"}]},{\"@type\":\"WebSite\",\"@id\":\"https:\/\/microbiome-center.nl\/de\/#website\",\"url\":\"https:\/\/microbiome-center.nl\/de\/\",\"name\":\"Microbiome Center\",\"description\":\"Nieuw licht op chronische klachten\",\"potentialAction\":[{\"@type\":\"SearchAction\",\"target\":{\"@type\":\"EntryPoint\",\"urlTemplate\":\"https:\/\/microbiome-center.nl\/de\/?s={search_term_string}\"},\"query-input\":{\"@type\":\"PropertyValueSpecification\",\"valueRequired\":true,\"valueName\":\"search_term_string\"}}],\"inLanguage\":\"de\"}]}<\/script>\n<!-- \/ Yoast SEO plugin. -->","yoast_head_json":{"title":"Gesch\u00e4ftsbedingungen - Microbiome Center","robots":{"index":"index","follow":"follow","max-snippet":"max-snippet:-1","max-image-preview":"max-image-preview:large","max-video-preview":"max-video-preview:-1"},"canonical":"https:\/\/microbiome-center.nl\/de\/geschaeftsbedingungen\/","og_locale":"de_DE","og_type":"article","og_title":"Gesch\u00e4ftsbedingungen - Microbiome Center","og_description":"Medizinische Webinare Hier finden Sie kurze Zusammenfassungen von Webinaren zu medizinischen und klinischen Themen, beispielsweise zur Rolle eines wichtigen Stammes der n\u00e4chsten Generation: Akkermansia municiphilia.","og_url":"https:\/\/microbiome-center.nl\/de\/geschaeftsbedingungen\/","og_site_name":"Microbiome Center","article_modified_time":"2023-09-21T19:08:30+00:00","twitter_card":"summary_large_image","twitter_misc":{"Gesch\u00e4tzte Lesezeit":"2\u00a0Minuten"},"schema":{"@context":"https:\/\/schema.org","@graph":[{"@type":"WebPage","@id":"https:\/\/microbiome-center.nl\/de\/geschaeftsbedingungen\/","url":"https:\/\/microbiome-center.nl\/de\/geschaeftsbedingungen\/","name":"Gesch\u00e4ftsbedingungen - Microbiome Center","isPartOf":{"@id":"https:\/\/microbiome-center.nl\/de\/#website"},"datePublished":"2021-12-19T14:08:41+00:00","dateModified":"2023-09-21T19:08:30+00:00","breadcrumb":{"@id":"https:\/\/microbiome-center.nl\/de\/geschaeftsbedingungen\/#breadcrumb"},"inLanguage":"de","potentialAction":[{"@type":"ReadAction","target":["https:\/\/microbiome-center.nl\/de\/geschaeftsbedingungen\/"]}]},{"@type":"BreadcrumbList","@id":"https:\/\/microbiome-center.nl\/de\/geschaeftsbedingungen\/#breadcrumb","itemListElement":[{"@type":"ListItem","position":1,"name":"Home","item":"https:\/\/microbiome-center.nl\/de\/"},{"@type":"ListItem","position":2,"name":"Gesch\u00e4ftsbedingungen"}]},{"@type":"WebSite","@id":"https:\/\/microbiome-center.nl\/de\/#website","url":"https:\/\/microbiome-center.nl\/de\/","name":"Microbiome Center","description":"Nieuw licht op chronische klachten","potentialAction":[{"@type":"SearchAction","target":{"@type":"EntryPoint","urlTemplate":"https:\/\/microbiome-center.nl\/de\/?s={search_term_string}"},"query-input":{"@type":"PropertyValueSpecification","valueRequired":true,"valueName":"search_term_string"}}],"inLanguage":"de"}]}},"_links":{"self":[{"href":"https:\/\/microbiome-center.nl\/de\/wp-json\/wp\/v2\/pages\/4603","targetHints":{"allow":["GET"]}}],"collection":[{"href":"https:\/\/microbiome-center.nl\/de\/wp-json\/wp\/v2\/pages"}],"about":[{"href":"https:\/\/microbiome-center.nl\/de\/wp-json\/wp\/v2\/types\/page"}],"author":[{"embeddable":true,"href":"https:\/\/microbiome-center.nl\/de\/wp-json\/wp\/v2\/users\/4"}],"replies":[{"embeddable":true,"href":"https:\/\/microbiome-center.nl\/de\/wp-json\/wp\/v2\/comments?post=4603"}],"version-history":[{"count":3,"href":"https:\/\/microbiome-center.nl\/de\/wp-json\/wp\/v2\/pages\/4603\/revisions"}],"predecessor-version":[{"id":8164,"href":"https:\/\/microbiome-center.nl\/de\/wp-json\/wp\/v2\/pages\/4603\/revisions\/8164"}],"wp:attachment":[{"href":"https:\/\/microbiome-center.nl\/de\/wp-json\/wp\/v2\/media?parent=4603"}],"curies":[{"name":"wp","href":"https:\/\/api.w.org\/{rel}","templated":true}]}}