{"id":4570,"date":"2021-12-17T19:48:18","date_gmt":"2021-12-17T18:48:18","guid":{"rendered":"https:\/\/microbiome-center.nl\/prinzipien\/"},"modified":"2022-01-17T16:20:40","modified_gmt":"2022-01-17T15:20:40","slug":"prinzipien","status":"publish","type":"page","link":"https:\/\/microbiome-center.nl\/de\/prinzipien\/","title":{"rendered":"Prinzipien"},"content":{"rendered":"<p>[et_pb_section fb_built=&#8220;1&#8243; _builder_version=&#8220;4.7.6&#8243; _module_preset=&#8220;default&#8220; use_background_color_gradient=&#8220;on&#8220; background_color_gradient_start=&#8220;rgba(43,135,218,0)&#8220; background_color_gradient_end=&#8220;#05918f&#8220; background_color_gradient_direction=&#8220;90deg&#8220; background_color_gradient_end_position=&#8220;56%&#8220; background_image=&#8220;https:\/\/microbiome-center.nl\/wp-content\/uploads\/2020\/11\/health-clinic-34-1.jpg&#8220; background_blend=&#8220;multiply&#8220; custom_padding=&#8220;||20px|||&#8220;][et_pb_row _builder_version=&#8220;4.6.6&#8243; _module_preset=&#8220;default&#8220; custom_margin=&#8220;45px|auto|1px|auto|false|false&#8220; animation_style=&#8220;flip&#8220;][et_pb_column type=&#8220;4_4&#8243; _builder_version=&#8220;4.6.6&#8243; _module_preset=&#8220;default&#8220;][et_pb_text _builder_version=&#8220;4.7.6&#8243; text_font=&#8220;Titillium Web|600|||||||&#8220; text_text_color=&#8220;#ffffff&#8220; text_font_size=&#8220;16px&#8220; text_line_height=&#8220;1.5em&#8220; header_font=&#8220;Titillium Web|700|||||||&#8220; header_text_align=&#8220;left&#8220; header_text_color=&#8220;#ffffff&#8220; header_font_size=&#8220;50px&#8220; header_line_height=&#8220;1.2em&#8220; background_layout=&#8220;dark&#8220; max_width_tablet=&#8220;&#8220; max_width_phone=&#8220;&#8220; max_width_last_edited=&#8220;on|desktop&#8220; custom_margin=&#8220;29px|||||&#8220; custom_padding=&#8220;|29px||||&#8220; text_font_size_tablet=&#8220;16px&#8220; text_font_size_phone=&#8220;14px&#8220; text_font_size_last_edited=&#8220;on|phone&#8220; header_font_size_tablet=&#8220;40px&#8220; header_font_size_phone=&#8220;28px&#8220; header_font_size_last_edited=&#8220;on|phone&#8220; locked=&#8220;off&#8220; text_font_size__hover=&#8220;14px&#8220; text_font_size__hover_enabled=&#8220;14px&#8220;]<\/p>\n<h1>Microbiome Center<\/h1>\n<p>Da das menschliche Mikrobiom so individuell wie ein Fingerabdruck ist, erfordert es einen personalisierten Behandlungsansatz. Das Microbiome Center unterst\u00fctzt \u00c4rzte bei der Anwendung eines solchen personalisierten Ansatzes. Durch das Sammeln von Wissen, das durch modernste Datentechnologie anwendbar gemacht wird.<\/p>\n<p>Diese Arbeitsweise stellt besondere Anforderungen sowohl an die Einrichtungen als auch an den Behandler. Nachfolgend finden Sie eine Beschreibung der Prinzipien des Microbiome Center&#8217;s.<\/p>\n<p>[\/et_pb_text][\/et_pb_column][\/et_pb_row][\/et_pb_section][et_pb_section fb_built=&#8220;1&#8243; _builder_version=&#8220;4.6.6&#8243; background_color=&#8220;#f7f5f2&#8243; custom_margin=&#8220;-2px|||||&#8220; custom_padding=&#8220;36px|0px|100px|0px|false|false&#8220; locked=&#8220;off&#8220;][et_pb_row _builder_version=&#8220;3.25&#8243; max_width=&#8220;800px&#8220; custom_padding=&#8220;5px|||||&#8220; use_custom_width=&#8220;on&#8220; custom_width_px=&#8220;800px&#8220; locked=&#8220;off&#8220;][et_pb_column type=&#8220;4_4&#8243; _builder_version=&#8220;3.25&#8243; custom_padding=&#8220;|||&#8220; custom_padding__hover=&#8220;|||&#8220;][et_pb_text admin_label=&#8220;Tekst&#8220; _builder_version=&#8220;4.6.6&#8243; text_font=&#8220;Work Sans||||||||&#8220; text_font_size=&#8220;16px&#8220; text_line_height=&#8220;1.8em&#8220; header_font=&#8220;||||||||&#8220; header_2_font=&#8220;Titillium Web|700|||||||&#8220; header_2_text_color=&#8220;#2e2645&#8243; header_2_font_size=&#8220;40px&#8220; header_2_line_height=&#8220;1.4em&#8220; text_font_size_tablet=&#8220;16px&#8220; text_font_size_phone=&#8220;14px&#8220; text_font_size_last_edited=&#8220;on|phone&#8220; header_2_font_size_tablet=&#8220;30px&#8220; header_2_font_size_phone=&#8220;22px&#8220; header_2_font_size_last_edited=&#8220;on|phone&#8220; locked=&#8220;off&#8220; header_font_size__hover=&#8220;30px&#8220; header_font_size__hover_enabled=&#8220;30px&#8220; header_letter_spacing__hover=&#8220;0px&#8220; header_letter_spacing__hover_enabled=&#8220;0px&#8220; header_text_shadow_style__hover=&#8220;none&#8220; header_text_shadow_style__hover_enabled=&#8220;none&#8220; header_text_shadow_color__hover=&#8220;rgba(0,0,0,0.4)&#8220; header_text_shadow_color__hover_enabled=&#8220;rgba(0,0,0,0.4)&#8220; text_font_size__hover=&#8220;14px&#8220; text_font_size__hover_enabled=&#8220;14px&#8220; text_letter_spacing__hover=&#8220;0px&#8220; text_letter_spacing__hover_enabled=&#8220;0px&#8220; text_line_height__hover=&#8220;1.7em&#8220; text_line_height__hover_enabled=&#8220;1.7em&#8220; text_text_shadow_style__hover=&#8220;none&#8220; text_text_shadow_style__hover_enabled=&#8220;none&#8220; text_text_shadow_color__hover=&#8220;rgba(0,0,0,0.4)&#8220; text_text_shadow_color__hover_enabled=&#8220;rgba(0,0,0,0.4)&#8220; link_font_size__hover=&#8220;14px&#8220; link_font_size__hover_enabled=&#8220;14px&#8220; link_letter_spacing__hover=&#8220;0px&#8220; link_letter_spacing__hover_enabled=&#8220;0px&#8220; link_line_height__hover=&#8220;1em&#8220; link_line_height__hover_enabled=&#8220;1em&#8220; link_text_shadow_style__hover=&#8220;none&#8220; link_text_shadow_style__hover_enabled=&#8220;none&#8220; link_text_shadow_color__hover=&#8220;rgba(0,0,0,0.4)&#8220; link_text_shadow_color__hover_enabled=&#8220;rgba(0,0,0,0.4)&#8220; ul_font_size__hover=&#8220;14px&#8220; ul_font_size__hover_enabled=&#8220;14px&#8220; ul_letter_spacing__hover=&#8220;0px&#8220; ul_letter_spacing__hover_enabled=&#8220;0px&#8220; ul_line_height__hover=&#8220;1em&#8220; ul_line_height__hover_enabled=&#8220;1em&#8220; ul_text_shadow_style__hover=&#8220;none&#8220; ul_text_shadow_style__hover_enabled=&#8220;none&#8220; ul_text_shadow_color__hover=&#8220;rgba(0,0,0,0.4)&#8220; ul_text_shadow_color__hover_enabled=&#8220;rgba(0,0,0,0.4)&#8220; ol_font_size__hover=&#8220;14px&#8220; ol_font_size__hover_enabled=&#8220;14px&#8220; ol_letter_spacing__hover=&#8220;0px&#8220; ol_letter_spacing__hover_enabled=&#8220;0px&#8220; ol_line_height__hover=&#8220;1em&#8220; ol_line_height__hover_enabled=&#8220;1em&#8220; ol_text_shadow_style__hover=&#8220;none&#8220; ol_text_shadow_style__hover_enabled=&#8220;none&#8220; ol_text_shadow_color__hover=&#8220;rgba(0,0,0,0.4)&#8220; ol_text_shadow_color__hover_enabled=&#8220;rgba(0,0,0,0.4)&#8220; quote_font_size__hover=&#8220;14px&#8220; quote_font_size__hover_enabled=&#8220;14px&#8220; quote_letter_spacing__hover=&#8220;0px&#8220; quote_letter_spacing__hover_enabled=&#8220;0px&#8220; quote_line_height__hover=&#8220;1em&#8220; quote_line_height__hover_enabled=&#8220;1em&#8220; quote_text_shadow_style__hover=&#8220;none&#8220; quote_text_shadow_style__hover_enabled=&#8220;none&#8220; quote_text_shadow_color__hover=&#8220;rgba(0,0,0,0.4)&#8220; quote_text_shadow_color__hover_enabled=&#8220;rgba(0,0,0,0.4)&#8220; text_orientation__hover=&#8220;left&#8220; text_orientation__hover_enabled=&#8220;left&#8220; background_layout__hover=&#8220;light&#8220; background_layout__hover_enabled=&#8220;light&#8220; max_width__hover=&#8220;100%&#8220; max_width__hover_enabled=&#8220;100%&#8220;]<\/p>\n<h2>Die Prinzipien des Microbiome Center&#8217;s<\/h2>\n<p>[\/et_pb_text][et_pb_accordion open_toggle_text_color=&#8220;#ffffff&#8220; open_toggle_background_color=&#8220;#2e2645&#8243; closed_toggle_background_color=&#8220;rgba(5,145,143,0.09)&#8220; icon_color=&#8220;#05918f&#8220; _builder_version=&#8220;4.9.1&#8243; toggle_level=&#8220;h2&#8243; toggle_font=&#8220;Titillium Web|700||on|||||&#8220; toggle_text_align=&#8220;left&#8220; toggle_font_size=&#8220;16px&#8220; toggle_letter_spacing=&#8220;2px&#8220; toggle_line_height=&#8220;1.2em&#8220; body_font=&#8220;Titillium Web||||||||&#8220; body_text_color=&#8220;#ffffff&#8220; body_font_size=&#8220;17px&#8220; body_line_height=&#8220;1.8em&#8220; text_orientation=&#8220;left&#8220; hover_enabled=&#8220;0&#8243; body_font_size_tablet=&#8220;16px&#8220; body_font_size_phone=&#8220;14px&#8220; body_font_size_last_edited=&#8220;on|phone&#8220; border_radii=&#8220;|30px||30px|&#8220; border_width_all=&#8220;0px&#8220; locked=&#8220;off&#8220; body_line_height__hover=&#8220;1.7em&#8220; body_line_height__hover_enabled=&#8220;1.7em&#8220; background__hover_enabled=&#8220;on|desktop&#8220; sticky_enabled=&#8220;0&#8243;][et_pb_accordion_item title=&#8220;Personalisierte Medizin, Magistrale Zubereitung&#8220; _builder_version=&#8220;4.9.1&#8243; _module_preset=&#8220;default&#8220; open=&#8220;off&#8220;]<\/p>\n<p>Basierend auf der Einnahme und der Analyse stellt der Arzt ein Rezept f\u00fcr eine personalisierte Mikrobiom-Therapie aus. Diese wird nach Zustimmung des Kunden vom Apotheker gepr\u00fcft und hergestellt und an die Privatadresse des Kunden gesendet. Der Arzt kann mit Hilfe von Algorithmen, die die Mikrobiomanalyse des Kunden, die Anamnese und die gesamte einschl\u00e4gige wissenschaftliche Literatur sowie die Erfahrungen der \u00c4rzte im Behandlungsnetzwerk ber\u00fccksichtigen, einen Verordnungsvorschlag erstellen.<\/p>\n<p>Durch die Zusammenarbeit von Arzt und Apotheker ist der Eingriff kein Ern\u00e4hrungsmittel aber ein Arzneimittel\u00a0im Sinne des Gesetzes.<\/p>\n<p>[\/et_pb_accordion_item][et_pb_accordion_item title=&#8220;Aktive Komponenten aus aller Welt&#8220; _builder_version=&#8220;4.7.6&#8243; _module_preset=&#8220;default&#8220; open=&#8220;off&#8220;]<\/p>\n<p>Da das magistrale Pr\u00e4parat Sicherheit im Rahmen des Arzneimittelgesetzes bietet, sind viel mehr und bessere Bestandteile verf\u00fcgbar, als dies auf anderem Wege m\u00f6glich w\u00e4re (z. B. Erg\u00e4nzungen im Rahmen des Bedarfsgegenst\u00e4ndegesetzes).<\/p>\n<p>[\/et_pb_accordion_item][et_pb_accordion_item title=&#8220;Mikrobiomanalyse als Messinstrument&#8220; _builder_version=&#8220;4.7.6&#8243; open=&#8220;off&#8220;]<\/p>\n<p>Am Anfang jeder Behandlung steht, abgesehen von der Einnahme durch den Arzt, eine Mikrobiom-Stuhlanalyse. Diese wird von einem spezialisierten Top-Labor durchgef\u00fchrt, das mit der Blockchain verbunden ist.<\/p>\n<p>[\/et_pb_accordion_item][et_pb_accordion_item title=&#8220;Individuelle Monitoring&#8220; open=&#8220;on&#8220; _builder_version=&#8220;4.9.1&#8243; _module_preset=&#8220;default&#8220; hover_enabled=&#8220;0&#8243; sticky_enabled=&#8220;0&#8243;]<\/p>\n<p>Der Patient kann seinen eigenen Gesundheitszustand und die Auswirkungen der Behandlung mit der Methode der &#8222;\u00f6kologischen Momentaufnahme&#8220; messen. Dies f\u00fchrt zu statistisch signifikanten Ergebnissen auf individueller Ebene. Auf diese Weise erh\u00e4lt jeder Kunde einzigartige Einblicke in seinen eigenen Stoffwechsel &#8211; Einblicke, die ein Leben lang wertvoll sein werden.<\/p>\n<p>[\/et_pb_accordion_item][et_pb_accordion_item title=&#8220;Blockchain f\u00fcr Sicherheit und Daten&#8220; _builder_version=&#8220;4.9.1&#8243; _module_preset=&#8220;default&#8220; hover_enabled=&#8220;0&#8243; open=&#8220;off&#8220; sticky_enabled=&#8220;0&#8243;]<\/p>\n<p>Alle Aktivit\u00e4ten und Dokumente werden in einer Blockchain gesichert, in der alle Beteiligten (Patient, Arzt, Labor, Apotheker, Bank, Analyst) die Kontrolle \u00fcber ihre eigenen Daten haben. Das Ergebnis sind Datenverf\u00fcgbarkeit, Kontrolle und Sicherheit f\u00fcr jeden Nutzer.<\/p>\n<p>[\/et_pb_accordion_item][et_pb_accordion_item title=&#8220;Forschungspotenzial&#8220; _builder_version=&#8220;4.9.1&#8243; _module_preset=&#8220;default&#8220; hover_enabled=&#8220;0&#8243; open=&#8220;off&#8220; sticky_enabled=&#8220;0&#8243;]<\/p>\n<p>Die Datenverarbeitung, der Arbeitsprozess und das Behandlungsnetzwerk eignen sich als Rahmen, in dem die Patienten eine optimale, personalisierte Behandlung erhalten und mit ihren anonymisierten Daten zur kollektiven Forschung auf dem Gebiet des Mikrobioms beitragen k\u00f6nnen. Damit wird das klassische Instrument der RCT um ein neues Forschungsinstrument erg\u00e4nzt.<\/p>\n<p>[\/et_pb_accordion_item][et_pb_accordion_item title=&#8220;Einladung an \u00c4rzte&#8220; _builder_version=&#8220;4.9.1&#8243; _module_preset=&#8220;default&#8220; hover_enabled=&#8220;0&#8243; open=&#8220;off&#8220; sticky_enabled=&#8220;0&#8243;]<\/p>\n<p>Mit unserem Netzwerk f\u00fcr personalisierte Medizin sind wir offen f\u00fcr die Einrichtung von Living Labs mit allen Arten von chronischen Autoimmunerkrankungen im Zusammenhang mit Magen-Darm-Problemen.<\/p>\n<p>[\/et_pb_accordion_item][\/et_pb_accordion][\/et_pb_column][\/et_pb_row][\/et_pb_section]<\/p>\n","protected":false},"excerpt":{"rendered":"<p>Microbiome Center Da das menschliche Mikrobiom so individuell wie ein Fingerabdruck ist, erfordert es einen personalisierten Behandlungsansatz. Das Microbiome Center unterst\u00fctzt \u00c4rzte bei der Anwendung eines solchen personalisierten Ansatzes. Durch das Sammeln von Wissen, das durch modernste Datentechnologie anwendbar gemacht wird. Diese Arbeitsweise stellt besondere Anforderungen sowohl an die Einrichtungen als auch an den Behandler. [&hellip;]<\/p>\n","protected":false},"author":6,"featured_media":0,"parent":0,"menu_order":0,"comment_status":"closed","ping_status":"closed","template":"","meta":{"_acf_changed":false,"_et_pb_use_builder":"on","_et_pb_old_content":"","_et_gb_content_width":"","footnotes":""},"class_list":["post-4570","page","type-page","status-publish","hentry"],"acf":[],"yoast_head":"<!-- This site is optimized with the Yoast SEO plugin v27.2 - https:\/\/yoast.com\/product\/yoast-seo-wordpress\/ -->\n<title>Prinzipien - Microbiome Center<\/title>\n<meta name=\"robots\" content=\"index, follow, max-snippet:-1, max-image-preview:large, max-video-preview:-1\" \/>\n<link rel=\"canonical\" href=\"https:\/\/microbiome-center.nl\/de\/prinzipien\/\" \/>\n<meta property=\"og:locale\" content=\"de_DE\" \/>\n<meta property=\"og:type\" content=\"article\" \/>\n<meta property=\"og:title\" content=\"Prinzipien - Microbiome Center\" \/>\n<meta property=\"og:description\" content=\"Medizinische Webinare Hier finden Sie kurze Zusammenfassungen von Webinaren zu medizinischen und klinischen Themen, beispielsweise zur Rolle eines wichtigen Stammes der n\u00e4chsten Generation: Akkermansia municiphilia.\" \/>\n<meta property=\"og:url\" content=\"https:\/\/microbiome-center.nl\/de\/prinzipien\/\" \/>\n<meta property=\"og:site_name\" content=\"Microbiome Center\" \/>\n<meta property=\"article:modified_time\" content=\"2022-01-17T15:20:40+00:00\" \/>\n<meta name=\"twitter:card\" content=\"summary_large_image\" \/>\n<meta name=\"twitter:label1\" content=\"Gesch\u00e4tzte Lesezeit\" \/>\n\t<meta name=\"twitter:data1\" content=\"7\u00a0Minuten\" \/>\n<script type=\"application\/ld+json\" class=\"yoast-schema-graph\">{\"@context\":\"https:\/\/schema.org\",\"@graph\":[{\"@type\":\"WebPage\",\"@id\":\"https:\/\/microbiome-center.nl\/de\/prinzipien\/\",\"url\":\"https:\/\/microbiome-center.nl\/de\/prinzipien\/\",\"name\":\"Prinzipien - Microbiome Center\",\"isPartOf\":{\"@id\":\"https:\/\/microbiome-center.nl\/de\/#website\"},\"datePublished\":\"2021-12-17T18:48:18+00:00\",\"dateModified\":\"2022-01-17T15:20:40+00:00\",\"breadcrumb\":{\"@id\":\"https:\/\/microbiome-center.nl\/de\/prinzipien\/#breadcrumb\"},\"inLanguage\":\"de\",\"potentialAction\":[{\"@type\":\"ReadAction\",\"target\":[\"https:\/\/microbiome-center.nl\/de\/prinzipien\/\"]}]},{\"@type\":\"BreadcrumbList\",\"@id\":\"https:\/\/microbiome-center.nl\/de\/prinzipien\/#breadcrumb\",\"itemListElement\":[{\"@type\":\"ListItem\",\"position\":1,\"name\":\"Home\",\"item\":\"https:\/\/microbiome-center.nl\/de\/\"},{\"@type\":\"ListItem\",\"position\":2,\"name\":\"Prinzipien\"}]},{\"@type\":\"WebSite\",\"@id\":\"https:\/\/microbiome-center.nl\/de\/#website\",\"url\":\"https:\/\/microbiome-center.nl\/de\/\",\"name\":\"Microbiome Center\",\"description\":\"Nieuw licht op chronische klachten\",\"potentialAction\":[{\"@type\":\"SearchAction\",\"target\":{\"@type\":\"EntryPoint\",\"urlTemplate\":\"https:\/\/microbiome-center.nl\/de\/?s={search_term_string}\"},\"query-input\":{\"@type\":\"PropertyValueSpecification\",\"valueRequired\":true,\"valueName\":\"search_term_string\"}}],\"inLanguage\":\"de\"}]}<\/script>\n<!-- \/ Yoast SEO plugin. -->","yoast_head_json":{"title":"Prinzipien - Microbiome Center","robots":{"index":"index","follow":"follow","max-snippet":"max-snippet:-1","max-image-preview":"max-image-preview:large","max-video-preview":"max-video-preview:-1"},"canonical":"https:\/\/microbiome-center.nl\/de\/prinzipien\/","og_locale":"de_DE","og_type":"article","og_title":"Prinzipien - Microbiome Center","og_description":"Medizinische Webinare Hier finden Sie kurze Zusammenfassungen von Webinaren zu medizinischen und klinischen Themen, beispielsweise zur Rolle eines wichtigen Stammes der n\u00e4chsten Generation: Akkermansia municiphilia.","og_url":"https:\/\/microbiome-center.nl\/de\/prinzipien\/","og_site_name":"Microbiome Center","article_modified_time":"2022-01-17T15:20:40+00:00","twitter_card":"summary_large_image","twitter_misc":{"Gesch\u00e4tzte Lesezeit":"7\u00a0Minuten"},"schema":{"@context":"https:\/\/schema.org","@graph":[{"@type":"WebPage","@id":"https:\/\/microbiome-center.nl\/de\/prinzipien\/","url":"https:\/\/microbiome-center.nl\/de\/prinzipien\/","name":"Prinzipien - Microbiome Center","isPartOf":{"@id":"https:\/\/microbiome-center.nl\/de\/#website"},"datePublished":"2021-12-17T18:48:18+00:00","dateModified":"2022-01-17T15:20:40+00:00","breadcrumb":{"@id":"https:\/\/microbiome-center.nl\/de\/prinzipien\/#breadcrumb"},"inLanguage":"de","potentialAction":[{"@type":"ReadAction","target":["https:\/\/microbiome-center.nl\/de\/prinzipien\/"]}]},{"@type":"BreadcrumbList","@id":"https:\/\/microbiome-center.nl\/de\/prinzipien\/#breadcrumb","itemListElement":[{"@type":"ListItem","position":1,"name":"Home","item":"https:\/\/microbiome-center.nl\/de\/"},{"@type":"ListItem","position":2,"name":"Prinzipien"}]},{"@type":"WebSite","@id":"https:\/\/microbiome-center.nl\/de\/#website","url":"https:\/\/microbiome-center.nl\/de\/","name":"Microbiome Center","description":"Nieuw licht op chronische klachten","potentialAction":[{"@type":"SearchAction","target":{"@type":"EntryPoint","urlTemplate":"https:\/\/microbiome-center.nl\/de\/?s={search_term_string}"},"query-input":{"@type":"PropertyValueSpecification","valueRequired":true,"valueName":"search_term_string"}}],"inLanguage":"de"}]}},"_links":{"self":[{"href":"https:\/\/microbiome-center.nl\/de\/wp-json\/wp\/v2\/pages\/4570","targetHints":{"allow":["GET"]}}],"collection":[{"href":"https:\/\/microbiome-center.nl\/de\/wp-json\/wp\/v2\/pages"}],"about":[{"href":"https:\/\/microbiome-center.nl\/de\/wp-json\/wp\/v2\/types\/page"}],"author":[{"embeddable":true,"href":"https:\/\/microbiome-center.nl\/de\/wp-json\/wp\/v2\/users\/6"}],"replies":[{"embeddable":true,"href":"https:\/\/microbiome-center.nl\/de\/wp-json\/wp\/v2\/comments?post=4570"}],"version-history":[{"count":5,"href":"https:\/\/microbiome-center.nl\/de\/wp-json\/wp\/v2\/pages\/4570\/revisions"}],"predecessor-version":[{"id":5001,"href":"https:\/\/microbiome-center.nl\/de\/wp-json\/wp\/v2\/pages\/4570\/revisions\/5001"}],"wp:attachment":[{"href":"https:\/\/microbiome-center.nl\/de\/wp-json\/wp\/v2\/media?parent=4570"}],"curies":[{"name":"wp","href":"https:\/\/api.w.org\/{rel}","templated":true}]}}