{"id":4539,"date":"2021-12-17T19:11:35","date_gmt":"2021-12-17T18:11:35","guid":{"rendered":"https:\/\/microbiome-center.nl\/veroeffentlichungen\/"},"modified":"2022-01-17T16:06:45","modified_gmt":"2022-01-17T15:06:45","slug":"veroeffentlichungen","status":"publish","type":"page","link":"https:\/\/microbiome-center.nl\/de\/veroeffentlichungen\/","title":{"rendered":"Ver\u00f6ffentlichungen"},"content":{"rendered":"<p>[et_pb_section fb_built=&#8220;1&#8243; _builder_version=&#8220;4.7.6&#8243; _module_preset=&#8220;default&#8220; use_background_color_gradient=&#8220;on&#8220; background_color_gradient_start=&#8220;rgba(43,135,218,0)&#8220; background_color_gradient_end=&#8220;#05918f&#8220; background_color_gradient_direction=&#8220;90deg&#8220; background_color_gradient_end_position=&#8220;56%&#8220; background_image=&#8220;https:\/\/microbiome-center.nl\/wp-content\/uploads\/2020\/11\/health-clinic-34-1.jpg&#8220; background_blend=&#8220;multiply&#8220; custom_padding=&#8220;||20px|||&#8220;][et_pb_row _builder_version=&#8220;4.6.6&#8243; _module_preset=&#8220;default&#8220; custom_margin=&#8220;45px|auto|1px|auto|false|false&#8220; animation_style=&#8220;flip&#8220;][et_pb_column type=&#8220;4_4&#8243; _builder_version=&#8220;4.6.6&#8243; _module_preset=&#8220;default&#8220;][et_pb_text _builder_version=&#8220;4.8.2&#8243; text_font=&#8220;Titillium Web|600|||||||&#8220; text_text_color=&#8220;#ffffff&#8220; text_font_size=&#8220;16px&#8220; text_line_height=&#8220;1.5em&#8220; header_font=&#8220;Titillium Web|700|||||||&#8220; header_text_align=&#8220;left&#8220; header_text_color=&#8220;#ffffff&#8220; header_font_size=&#8220;50px&#8220; header_line_height=&#8220;1.2em&#8220; background_layout=&#8220;dark&#8220; max_width_tablet=&#8220;&#8220; max_width_phone=&#8220;&#8220; max_width_last_edited=&#8220;on|desktop&#8220; custom_margin=&#8220;29px|||||&#8220; custom_padding=&#8220;|29px||||&#8220; text_font_size_tablet=&#8220;16px&#8220; text_font_size_phone=&#8220;14px&#8220; text_font_size_last_edited=&#8220;on|phone&#8220; header_font_size_tablet=&#8220;40px&#8220; header_font_size_phone=&#8220;28px&#8220; header_font_size_last_edited=&#8220;on|phone&#8220; locked=&#8220;off&#8220; text_font_size__hover=&#8220;14px&#8220; text_font_size__hover_enabled=&#8220;14px&#8220;]<\/p>\n<h1>Ver\u00f6ffentlichungen<\/h1>\n<p>Bei physiologischen Systemen betrachten wir in der Regel spezialisierte Organe wie die Leber, die Haut oder die Lunge. Die Forschung der letzten Jahrzehnte hat deutlich gemacht, dass unser Mikrobiom, insbesondere das in unserem Darm, eigentlich als zus\u00e4tzliches \u201eOrgan\u201c mit eigenen Funktionen betrachtet werden sollte. Sie sind f\u00fcr die normalen K\u00f6rperfunktionen ebenso wichtig wie unsere anderen Organe. <br \/>Im Folgenden finden Sie einen \u00dcberblick \u00fcber die Zusammenh\u00e4nge zwischen dem Mikrobiom und einigen h\u00e4ufigen chronischen Erkrankungen.<\/p>\n<p>&nbsp;<\/p>\n<p>[\/et_pb_text][\/et_pb_column][\/et_pb_row][\/et_pb_section][et_pb_section fb_built=&#8220;1&#8243; _builder_version=&#8220;4.7.6&#8243; _module_preset=&#8220;default&#8220; custom_padding=&#8220;2px||30px|||&#8220;][et_pb_row column_structure=&#8220;1_2,1_2&#8243; _builder_version=&#8220;4.7.6&#8243; _module_preset=&#8220;default&#8220;][et_pb_column type=&#8220;1_2&#8243; _builder_version=&#8220;4.7.6&#8243; _module_preset=&#8220;default&#8220;][et_pb_cta title=&#8220;Darmerkrankungen&#8220; button_text=&#8220;Mehr lesen&#8220; _builder_version=&#8220;4.7.6&#8243; _module_preset=&#8220;default&#8220; header_font=&#8220;|600|||||||&#8220; header_font_size=&#8220;28px&#8220; body_text_align=&#8220;left&#8220; body_font_size=&#8220;16px&#8220; background_color=&#8220;#2e2645&#8243; custom_button=&#8220;on&#8220; text_orientation=&#8220;left&#8220; border_radii=&#8220;off|40px||40px|&#8220; background__hover_enabled=&#8220;on|hover&#8220; background_color__hover=&#8220;#05918f&#8220; background_enable_color__hover=&#8220;on&#8220;]<\/p>\n<p>Aufgrund ihrer Lage sind Darmerkrankungen die offensichtlichsten Beispiele, bei denen ein Zusammenhang mit einem gest\u00f6rten Mikrobiom zu erwarten ist. Ein solcher Zusammenhang wurde daher ausgiebig untersucht und beschrieben, beispielsweise bei entz\u00fcndlichen Darmerkrankungen (IBD), Reizdarmsyndrom (IBS) und chronischem Durchfall.<\/p>\n<p><a href=\"https:\/\/microbiome-center.nl\/en\/gut-complaints-diseases\/\"><strong>mehr lesen<\/strong><\/a><\/p>\n<p>[\/et_pb_cta][et_pb_cta title=&#8220;Chronische M\u00fcdigkeit und Schmerzen&#8220; button_text=&#8220;Clicks&#8220; _builder_version=&#8220;4.7.6&#8243; _module_preset=&#8220;default&#8220; header_font=&#8220;|600|||||||&#8220; header_font_size=&#8220;28px&#8220; body_text_align=&#8220;left&#8220; body_font_size=&#8220;16px&#8220; background_color=&#8220;#2e2645&#8243; text_orientation=&#8220;left&#8220; border_radii=&#8220;off|40px||40px|&#8220; background__hover_enabled=&#8220;on|hover&#8220; background_color__hover=&#8220;#05918f&#8220; background_enable_color__hover=&#8220;on&#8220;]<\/p>\n<p>Bei Multisystemerkrankungen spielt die chronische systemische Entz\u00fcndung eine wichtige Rolle. Aufgrund der Beteiligung des Immunsystems und seiner Verbindung mit dem Mikrobiom ist es nicht verwunderlich, dass auch hier Zusammenh\u00e4nge mit einem gest\u00f6rten Mikrobiom gefunden werden. Beispiele sind Fibromyalgie, ME und CFS.<\/p>\n<p><a href=\"https:\/\/microbiome-center.nl\/en\/chronic-fatigue-and-pain\/\"><strong>mehr lesen<\/strong><\/a><\/p>\n<p>[\/et_pb_cta][et_pb_cta title=&#8220;Neuropsychologische St\u00f6ringen&#8220; button_text=&#8220;Clicks&#8220; _builder_version=&#8220;4.7.6&#8243; _module_preset=&#8220;default&#8220; header_font=&#8220;|600|||||||&#8220; header_font_size=&#8220;28px&#8220; body_text_align=&#8220;left&#8220; body_font_size=&#8220;16px&#8220; background_color=&#8220;#2e2645&#8243; text_orientation=&#8220;left&#8220; border_radii=&#8220;off|40px||40px|&#8220; background__hover_enabled=&#8220;on|hover&#8220; background_color__hover=&#8220;#05918f&#8220; background_enable_color__hover=&#8220;on&#8220;]<\/p>\n<p>Neurologische und psychische St\u00f6rungen werden immer deutlicher mit Entz\u00fcndungen und Stoffwechsel in Verbindung gebracht. Die Existenz der Darm-Hirn-Achse wird bereits nicht mehr angezweifelt.<\/p>\n<p><a href=\"https:\/\/microbiome-center.nl\/en\/neuropsychological-diseases\/\"><strong>mehr lesen<\/strong><\/a><\/p>\n<p>[\/et_pb_cta][et_pb_cta title=&#8220;MS, Parkinson, Alzheimer&#8220; button_text=&#8220;Clicks&#8220; _builder_version=&#8220;4.7.6&#8243; _module_preset=&#8220;default&#8220; header_font=&#8220;|600|||||||&#8220; header_font_size=&#8220;28px&#8220; body_text_align=&#8220;left&#8220; body_font_size=&#8220;16px&#8220; background_color=&#8220;#2e2645&#8243; text_orientation=&#8220;left&#8220; border_radii=&#8220;off|40px||40px|&#8220; background__hover_enabled=&#8220;on|hover&#8220; background_color__hover=&#8220;#05918f&#8220; background_enable_color__hover=&#8220;on&#8220;]<\/p>\n<p>Neurologische Erkrankungen werden zunehmend mit einem ver\u00e4nderten Mikrobiom in Verbindung gebracht. Es gibt immer mehr Beweise daf\u00fcr, dass das Mikrobiom das zentrale Nervensystem direkt beeinflussen kann \u2013 und umgekehrt.<\/p>\n<p><a href=\"https:\/\/microbiome-center.nl\/en\/ms-parkinson-alzheimer\/\"><strong>mehr lesen<\/strong><\/a><\/p>\n<p>[\/et_pb_cta][\/et_pb_column][et_pb_column type=&#8220;1_2&#8243; _builder_version=&#8220;4.7.6&#8243; _module_preset=&#8220;default&#8220;][et_pb_cta title=&#8220;Fettleibigkeit, Diabetes, Metabolisches Syndrom&#8220; button_text=&#8220;Clicks&#8220; _builder_version=&#8220;4.7.6&#8243; _module_preset=&#8220;default&#8220; header_font=&#8220;|600|||||||&#8220; header_font_size=&#8220;28px&#8220; body_text_align=&#8220;left&#8220; body_font_size=&#8220;16px&#8220; background_color=&#8220;#2e2645&#8243; text_orientation=&#8220;left&#8220; border_radii=&#8220;off|40px||40px|&#8220; background__hover_enabled=&#8220;on|hover&#8220; background_color__hover=&#8220;#05918f&#8220; background_enable_color__hover=&#8220;on&#8220;]<\/p>\n<p>Obwohl jeder Teil unseres K\u00f6rpers von Mikroorganismen bev\u00f6lkert wird, befindet sich die mit Abstand gr\u00f6\u00dfte Konzentration in unserem Darm. Deren Hauptaufgabe besteht darin, die Nahrung in resorbierbare Bestandteile zu verarbeiten. Es sollte daher nicht \u00fcberraschen, dass Krankheiten, die in erster Linie mit Stoffwechselst\u00f6rungen zusammenh\u00e4ngen, mit (St\u00f6rungen) des Mikrobioms verbunden sind. Dieser Zusammenhang ist jedoch nicht eindeutig.<\/p>\n<p><a href=\"https:\/\/microbiome-center.nl\/en\/obesity-diabetes-metabolic-syndrome\/\"><strong>mehr lesen<\/strong><\/a><\/p>\n<p>[\/et_pb_cta][et_pb_cta title=&#8220;Herz-Kreislauf-Erkrankungen&#8220; button_text=&#8220;Clicks&#8220; _builder_version=&#8220;4.8.2&#8243; _module_preset=&#8220;default&#8220; header_font=&#8220;|600|||||||&#8220; header_font_size=&#8220;28px&#8220; body_text_align=&#8220;left&#8220; body_font_size=&#8220;16px&#8220; background_color=&#8220;#2e2645&#8243; text_orientation=&#8220;left&#8220; border_radii=&#8220;off|40px||40px|&#8220; background__hover_enabled=&#8220;on|hover&#8220; background_color__hover=&#8220;#05918f&#8220; background_enable_color__hover=&#8220;on&#8220;]<\/p>\n<p>Da die meisten Herz-Kreislauf-Erkrankungen einen chronischen Charakter haben, wird zunehmend erkannt, dass dies sehr eng mit unserer Lebensweise und unserem Stoffwechsel zusammenh\u00e4ngt. Es wird daher oft als kardiometabolische Erkrankungen bezeichnet. Wir haben den Zusammenhang f\u00fcr Sie erforscht.<\/p>\n<p><a href=\"https:\/\/microbiome-center.nl\/en\/cardiovascular-diseases\/\"><strong>mehr lesen<\/strong><\/a><\/p>\n<p>[\/et_pb_cta][et_pb_cta title=&#8220;Gesundes Altern&#8220; button_text=&#8220;Clicks&#8220; _builder_version=&#8220;4.8.2&#8243; _module_preset=&#8220;default&#8220; header_font=&#8220;|600|||||||&#8220; header_font_size=&#8220;28px&#8220; body_text_align=&#8220;left&#8220; body_font_size=&#8220;16px&#8220; background_color=&#8220;#2e2645&#8243; text_orientation=&#8220;left&#8220; hover_enabled=&#8220;0&#8243; border_radii=&#8220;off|40px||40px|&#8220; background__hover_enabled=&#8220;on|hover&#8220; background_color__hover=&#8220;#05918f&#8220; background_enable_color__hover=&#8220;on&#8220; sticky_enabled=&#8220;0&#8243;]<\/p>\n<p>Ein gesundes Altern ohne ein gesundes Mikrobiom ist fast schon per Definition nicht denkbar. Wie weit reichen die wissenschaftlichen Erkenntnisse \u00fcber die Zusammenh\u00e4nge?<\/p>\n<p><a href=\"https:\/\/microbiome-center.nl\/en\/healthy-ageing\/\"><strong>mehr lesen<\/strong><\/a><\/p>\n<p>[\/et_pb_cta][et_pb_cta title=&#8220;Immunit\u00e4t und Virusinfektionen&#8220; button_text=&#8220;Clicks&#8220; _builder_version=&#8220;4.8.2&#8243; _module_preset=&#8220;default&#8220; header_font=&#8220;|600|||||||&#8220; header_font_size=&#8220;28px&#8220; body_text_align=&#8220;left&#8220; body_font_size=&#8220;16px&#8220; background_color=&#8220;#2e2645&#8243; text_orientation=&#8220;left&#8220; hover_enabled=&#8220;0&#8243; border_radii=&#8220;off|40px||40px|&#8220; background__hover_enabled=&#8220;on|hover&#8220; background_color__hover=&#8220;#05918f&#8220; background_enable_color__hover=&#8220;on&#8220; sticky_enabled=&#8220;0&#8243;]<\/p>\n<p>Das menschliche Immunsystem kann ohne das Mikrobiom einfach nicht funktionieren. Die Literatur \u00fcber\u00a0wechselseitige Beziehungen\u00a0ist umfangreich.<\/p>\n<p><a href=\"https:\/\/microbiome-center.nl\/en\/immunity-and-viral-infections\/\"><strong>mehr lesen<\/strong><\/a><\/p>\n<p>[\/et_pb_cta][\/et_pb_column][\/et_pb_row][\/et_pb_section]<\/p>\n","protected":false},"excerpt":{"rendered":"<p>Ver\u00f6ffentlichungen Bei physiologischen Systemen betrachten wir in der Regel spezialisierte Organe wie die Leber, die Haut oder die Lunge. Die Forschung der letzten Jahrzehnte hat deutlich gemacht, dass unser Mikrobiom, insbesondere das in unserem Darm, eigentlich als zus\u00e4tzliches \u201eOrgan\u201c mit eigenen Funktionen betrachtet werden sollte. Sie sind f\u00fcr die normalen K\u00f6rperfunktionen ebenso wichtig wie unsere [&hellip;]<\/p>\n","protected":false},"author":6,"featured_media":0,"parent":0,"menu_order":0,"comment_status":"closed","ping_status":"closed","template":"","meta":{"_acf_changed":false,"_et_pb_use_builder":"on","_et_pb_old_content":"","_et_gb_content_width":"","footnotes":""},"class_list":["post-4539","page","type-page","status-publish","hentry"],"acf":[],"yoast_head":"<!-- This site is optimized with the Yoast SEO plugin v27.2 - https:\/\/yoast.com\/product\/yoast-seo-wordpress\/ -->\n<title>Ver\u00f6ffentlichungen - Microbiome Center<\/title>\n<meta name=\"robots\" content=\"index, follow, max-snippet:-1, max-image-preview:large, max-video-preview:-1\" \/>\n<link rel=\"canonical\" href=\"https:\/\/microbiome-center.nl\/de\/veroeffentlichungen\/\" \/>\n<meta property=\"og:locale\" content=\"de_DE\" \/>\n<meta property=\"og:type\" content=\"article\" \/>\n<meta property=\"og:title\" content=\"Ver\u00f6ffentlichungen - Microbiome Center\" \/>\n<meta property=\"og:description\" content=\"Medizinische Webinare Hier finden Sie kurze Zusammenfassungen von Webinaren zu medizinischen und klinischen Themen, beispielsweise zur Rolle eines wichtigen Stammes der n\u00e4chsten Generation: Akkermansia municiphilia.\" \/>\n<meta property=\"og:url\" content=\"https:\/\/microbiome-center.nl\/de\/veroeffentlichungen\/\" \/>\n<meta property=\"og:site_name\" content=\"Microbiome Center\" \/>\n<meta property=\"article:modified_time\" content=\"2022-01-17T15:06:45+00:00\" \/>\n<meta name=\"twitter:card\" content=\"summary_large_image\" \/>\n<meta name=\"twitter:label1\" content=\"Gesch\u00e4tzte Lesezeit\" \/>\n\t<meta name=\"twitter:data1\" content=\"5\u00a0Minuten\" \/>\n<script type=\"application\/ld+json\" class=\"yoast-schema-graph\">{\"@context\":\"https:\/\/schema.org\",\"@graph\":[{\"@type\":\"WebPage\",\"@id\":\"https:\/\/microbiome-center.nl\/de\/veroeffentlichungen\/\",\"url\":\"https:\/\/microbiome-center.nl\/de\/veroeffentlichungen\/\",\"name\":\"Ver\u00f6ffentlichungen - Microbiome Center\",\"isPartOf\":{\"@id\":\"https:\/\/microbiome-center.nl\/de\/#website\"},\"datePublished\":\"2021-12-17T18:11:35+00:00\",\"dateModified\":\"2022-01-17T15:06:45+00:00\",\"breadcrumb\":{\"@id\":\"https:\/\/microbiome-center.nl\/de\/veroeffentlichungen\/#breadcrumb\"},\"inLanguage\":\"de\",\"potentialAction\":[{\"@type\":\"ReadAction\",\"target\":[\"https:\/\/microbiome-center.nl\/de\/veroeffentlichungen\/\"]}]},{\"@type\":\"BreadcrumbList\",\"@id\":\"https:\/\/microbiome-center.nl\/de\/veroeffentlichungen\/#breadcrumb\",\"itemListElement\":[{\"@type\":\"ListItem\",\"position\":1,\"name\":\"Home\",\"item\":\"https:\/\/microbiome-center.nl\/de\/\"},{\"@type\":\"ListItem\",\"position\":2,\"name\":\"Ver\u00f6ffentlichungen\"}]},{\"@type\":\"WebSite\",\"@id\":\"https:\/\/microbiome-center.nl\/de\/#website\",\"url\":\"https:\/\/microbiome-center.nl\/de\/\",\"name\":\"Microbiome Center\",\"description\":\"Nieuw licht op chronische klachten\",\"potentialAction\":[{\"@type\":\"SearchAction\",\"target\":{\"@type\":\"EntryPoint\",\"urlTemplate\":\"https:\/\/microbiome-center.nl\/de\/?s={search_term_string}\"},\"query-input\":{\"@type\":\"PropertyValueSpecification\",\"valueRequired\":true,\"valueName\":\"search_term_string\"}}],\"inLanguage\":\"de\"}]}<\/script>\n<!-- \/ Yoast SEO plugin. -->","yoast_head_json":{"title":"Ver\u00f6ffentlichungen - Microbiome Center","robots":{"index":"index","follow":"follow","max-snippet":"max-snippet:-1","max-image-preview":"max-image-preview:large","max-video-preview":"max-video-preview:-1"},"canonical":"https:\/\/microbiome-center.nl\/de\/veroeffentlichungen\/","og_locale":"de_DE","og_type":"article","og_title":"Ver\u00f6ffentlichungen - Microbiome Center","og_description":"Medizinische Webinare Hier finden Sie kurze Zusammenfassungen von Webinaren zu medizinischen und klinischen Themen, beispielsweise zur Rolle eines wichtigen Stammes der n\u00e4chsten Generation: Akkermansia municiphilia.","og_url":"https:\/\/microbiome-center.nl\/de\/veroeffentlichungen\/","og_site_name":"Microbiome Center","article_modified_time":"2022-01-17T15:06:45+00:00","twitter_card":"summary_large_image","twitter_misc":{"Gesch\u00e4tzte Lesezeit":"5\u00a0Minuten"},"schema":{"@context":"https:\/\/schema.org","@graph":[{"@type":"WebPage","@id":"https:\/\/microbiome-center.nl\/de\/veroeffentlichungen\/","url":"https:\/\/microbiome-center.nl\/de\/veroeffentlichungen\/","name":"Ver\u00f6ffentlichungen - Microbiome Center","isPartOf":{"@id":"https:\/\/microbiome-center.nl\/de\/#website"},"datePublished":"2021-12-17T18:11:35+00:00","dateModified":"2022-01-17T15:06:45+00:00","breadcrumb":{"@id":"https:\/\/microbiome-center.nl\/de\/veroeffentlichungen\/#breadcrumb"},"inLanguage":"de","potentialAction":[{"@type":"ReadAction","target":["https:\/\/microbiome-center.nl\/de\/veroeffentlichungen\/"]}]},{"@type":"BreadcrumbList","@id":"https:\/\/microbiome-center.nl\/de\/veroeffentlichungen\/#breadcrumb","itemListElement":[{"@type":"ListItem","position":1,"name":"Home","item":"https:\/\/microbiome-center.nl\/de\/"},{"@type":"ListItem","position":2,"name":"Ver\u00f6ffentlichungen"}]},{"@type":"WebSite","@id":"https:\/\/microbiome-center.nl\/de\/#website","url":"https:\/\/microbiome-center.nl\/de\/","name":"Microbiome Center","description":"Nieuw licht op chronische klachten","potentialAction":[{"@type":"SearchAction","target":{"@type":"EntryPoint","urlTemplate":"https:\/\/microbiome-center.nl\/de\/?s={search_term_string}"},"query-input":{"@type":"PropertyValueSpecification","valueRequired":true,"valueName":"search_term_string"}}],"inLanguage":"de"}]}},"_links":{"self":[{"href":"https:\/\/microbiome-center.nl\/de\/wp-json\/wp\/v2\/pages\/4539","targetHints":{"allow":["GET"]}}],"collection":[{"href":"https:\/\/microbiome-center.nl\/de\/wp-json\/wp\/v2\/pages"}],"about":[{"href":"https:\/\/microbiome-center.nl\/de\/wp-json\/wp\/v2\/types\/page"}],"author":[{"embeddable":true,"href":"https:\/\/microbiome-center.nl\/de\/wp-json\/wp\/v2\/users\/6"}],"replies":[{"embeddable":true,"href":"https:\/\/microbiome-center.nl\/de\/wp-json\/wp\/v2\/comments?post=4539"}],"version-history":[{"count":29,"href":"https:\/\/microbiome-center.nl\/de\/wp-json\/wp\/v2\/pages\/4539\/revisions"}],"predecessor-version":[{"id":4998,"href":"https:\/\/microbiome-center.nl\/de\/wp-json\/wp\/v2\/pages\/4539\/revisions\/4998"}],"wp:attachment":[{"href":"https:\/\/microbiome-center.nl\/de\/wp-json\/wp\/v2\/media?parent=4539"}],"curies":[{"name":"wp","href":"https:\/\/api.w.org\/{rel}","templated":true}]}}