{"id":4488,"date":"2021-12-17T13:42:40","date_gmt":"2021-12-17T12:42:40","guid":{"rendered":"https:\/\/microbiome-center.nl\/ueberblick-von-aerzte\/"},"modified":"2024-03-11T17:57:43","modified_gmt":"2024-03-11T16:57:43","slug":"ueberblick-von-aerzte","status":"publish","type":"page","link":"https:\/\/microbiome-center.nl\/de\/ueberblick-von-aerzte\/","title":{"rendered":"\u00dcberblick von \u00c4rzte"},"content":{"rendered":"<p>[et_pb_section fb_built=&#8220;1&#8243; _builder_version=&#8220;4.16.0&#8243; _module_preset=&#8220;default&#8220; use_background_color_gradient=&#8220;on&#8220; background_color_gradient_direction=&#8220;90deg&#8220; background_color_gradient_stops=&#8220;rgba(43,135,218,0) 0%|#05918f 50%&#8220; background_color_gradient_start=&#8220;rgba(43,135,218,0)&#8220; background_color_gradient_end=&#8220;#05918f&#8220; background_color_gradient_end_position=&#8220;50%&#8220; background_image=&#8220;https:\/\/microbiome-center.nl\/wp-content\/uploads\/2020\/11\/Start-behandeling-als-patient.jpg&#8220; background_blend=&#8220;multiply&#8220; module_alignment=&#8220;right&#8220; custom_margin=&#8220;0px||||false|false&#8220; custom_padding=&#8220;0px||0px||false|false&#8220; global_colors_info=&#8220;{}&#8220;][et_pb_row column_structure=&#8220;1_4,3_4&#8243; custom_padding_last_edited=&#8220;on|desktop&#8220; _builder_version=&#8220;4.16.0&#8243; _module_preset=&#8220;default&#8220; module_alignment=&#8220;right&#8220; custom_margin=&#8220;100px|auto|0px|auto|false|false&#8220; custom_margin_tablet=&#8220;50px||||false|false&#8220; custom_margin_phone=&#8220;25px||||false|false&#8220; custom_margin_last_edited=&#8220;on|desktop&#8220; custom_padding=&#8220;100px||100px||false|false&#8220; custom_padding_tablet=&#8220;||50px||false|false&#8220; custom_padding_phone=&#8220;100px||50px||false|false&#8220; animation_style=&#8220;flip&#8220; global_colors_info=&#8220;{}&#8220;][et_pb_column type=&#8220;1_4&#8243; _builder_version=&#8220;4.16&#8243; _module_preset=&#8220;default&#8220; global_colors_info=&#8220;{}&#8220;][\/et_pb_column][et_pb_column type=&#8220;3_4&#8243; _builder_version=&#8220;4.16&#8243; _module_preset=&#8220;default&#8220; global_colors_info=&#8220;{}&#8220;][et_pb_text _builder_version=&#8220;4.16.0&#8243; text_font=&#8220;Titillium Web|600|||||||&#8220; text_text_color=&#8220;#ffffff&#8220; text_line_height=&#8220;1.5em&#8220; header_font=&#8220;Titillium Web|700|||||||&#8220; header_text_align=&#8220;left&#8220; header_text_color=&#8220;#ffffff&#8220; header_font_size=&#8220;50px&#8220; header_line_height=&#8220;1.2em&#8220; background_layout=&#8220;dark&#8220; max_width_tablet=&#8220;&#8220; max_width_phone=&#8220;&#8220; max_width_last_edited=&#8220;on|desktop&#8220; custom_margin=&#8220;41px|||||&#8220; custom_margin_tablet=&#8220;0px||||false|false&#8220; custom_margin_phone=&#8220;0px||||false|false&#8220; custom_margin_last_edited=&#8220;on|desktop&#8220; custom_padding=&#8220;|29px||||&#8220; custom_padding_tablet=&#8220;|29px||||&#8220; custom_padding_phone=&#8220;0px||||false|false&#8220; custom_padding_last_edited=&#8220;on|phone&#8220; text_font_size_tablet=&#8220;16px&#8220; text_font_size_phone=&#8220;16px&#8220; text_font_size_last_edited=&#8220;on|phone&#8220; header_font_size_tablet=&#8220;40px&#8220; header_font_size_phone=&#8220;28px&#8220; header_font_size_last_edited=&#8220;on|phone&#8220; locked=&#8220;off&#8220; global_colors_info=&#8220;{}&#8220; text_font_size__hover=&#8220;14px&#8220; text_font_size__hover_enabled=&#8220;14px&#8220;]<\/p>\n<h1>Wie finde ich einen Arzt<\/h1>\n<p>Die pers\u00f6nliche Mikrobiom-Behandlung erfolgt immer durch einen Arzt.<br \/>Es gibt 2 M\u00f6glichkeiten, einen Arzt auszuw\u00e4hlen:<span class=\"Apple-converted-space\">\u00a0<\/span><\/p>\n<p><b>Option 1. Ihr eigener Arzt<br \/><\/b>Dies kann Ihr eigener Hausarzt sein,\u00a0oder ein Arzt, der Sie gerade behandelt. Besprechen Sie es mit ihm oder ihr, wenn Sie eine Mikrobiom-Behandlung in Erw\u00e4gung ziehen.<\/p>\n<p><b>Option 2. Wir finden einen Arzt f\u00fcr Sie<br \/><\/b>Sie wissen nicht, welchen Arzt Sie w\u00e4hlen sollen? Das ist kein Problem. Wir k\u00f6nnen einen Arzt f\u00fcr Sie finden.\u00a0Sie k\u00f6nnen uns Ihre Pr\u00e4ferenz mitteilen.\u00a0<\/p>\n<p>[\/et_pb_text][et_pb_button button_url=&#8220;https:\/\/microbiome-center.nl\/de\/kontakt\/&#8220; button_text=&#8220;Fragen Sie uns, einen Arzt zu finden&#8220; admin_label=&#8220;Knop Zoek een arts&#8220; _builder_version=&#8220;4.16.0&#8243; custom_button=&#8220;on&#8220; button_text_size=&#8220;16px&#8220; button_text_color=&#8220;#ffffff&#8220; button_bg_color=&#8220;#ff5726&#8243; button_border_width=&#8220;5px&#8220; button_border_color=&#8220;rgba(0,0,0,0)&#8220; button_border_radius=&#8220;15px&#8220; button_letter_spacing=&#8220;3px&#8220; button_font=&#8220;Titillium Web|700||on|||||&#8220; button_icon=&#8220;&#x39;||divi||400&#8243; custom_margin=&#8220;55px|||0px|false|false&#8220; custom_margin_tablet=&#8220;55px|||0px|false|false&#8220; custom_margin_phone=&#8220;0px|50px|||false|false&#8220; custom_margin_last_edited=&#8220;on|phone&#8220; custom_padding=&#8220;10px|25px|10px|25px|true|true&#8220; locked=&#8220;off&#8220; global_colors_info=&#8220;{}&#8220; button_bg_color__hover_enabled=&#8220;on|hover&#8220; button_bg_color__hover=&#8220;#dc3100&#8243; button_bg_enable_color__hover=&#8220;on&#8220; transform_styles__hover_enabled=&#8220;on|hover&#8220; transform_scale__hover_enabled=&#8220;on|hover&#8220; transform_translate__hover_enabled=&#8220;on|hover&#8220; transform_rotate__hover_enabled=&#8220;on|hover&#8220; transform_skew__hover_enabled=&#8220;on|hover&#8220; transform_origin__hover_enabled=&#8220;on|hover&#8220; transform_scale__hover=&#8220;105%|105%&#8220;][\/et_pb_button][et_pb_text _builder_version=&#8220;4.16.0&#8243; text_font=&#8220;Titillium Web|600|||||||&#8220; text_text_color=&#8220;#ffffff&#8220; text_line_height=&#8220;1.5em&#8220; header_font=&#8220;Titillium Web|700|||||||&#8220; header_text_align=&#8220;left&#8220; header_text_color=&#8220;#ffffff&#8220; header_font_size=&#8220;50px&#8220; header_line_height=&#8220;1.2em&#8220; background_layout=&#8220;dark&#8220; max_width_tablet=&#8220;&#8220; max_width_phone=&#8220;&#8220; max_width_last_edited=&#8220;on|desktop&#8220; custom_margin=&#8220;41px|||||&#8220; custom_margin_tablet=&#8220;0px||||false|false&#8220; custom_margin_phone=&#8220;0px||||false|false&#8220; custom_margin_last_edited=&#8220;on|desktop&#8220; custom_padding=&#8220;|29px||||&#8220; text_font_size_tablet=&#8220;16px&#8220; text_font_size_phone=&#8220;16px&#8220; text_font_size_last_edited=&#8220;on|phone&#8220; header_font_size_tablet=&#8220;40px&#8220; header_font_size_phone=&#8220;28px&#8220; header_font_size_last_edited=&#8220;on|phone&#8220; locked=&#8220;off&#8220; global_colors_info=&#8220;{}&#8220; text_font_size__hover=&#8220;14px&#8220; text_font_size__hover_enabled=&#8220;14px&#8220;]<strong>Und wenn Sie einen Arzt gefunden haben?<br \/>\n<\/strong>Nachdem Sie einen Arzt gefunden und einen Beratungstermin vereinbart haben, k\u00f6nnen Sie sich registrieren und k\u00f6nnen mit der Behandlung anfangen.[\/et_pb_text][et_pb_button button_url=&#8220;https:\/\/secure.microbiome-center.nl\/Account\/Register&#8220; button_text=&#8220;Arzt gefunden?  Registrieren Sie sich&#8220; admin_label=&#8220;Knop Registreer&#8220; _builder_version=&#8220;4.23.4&#8243; custom_button=&#8220;on&#8220; button_text_size=&#8220;16px&#8220; button_text_color=&#8220;#ffffff&#8220; button_bg_color=&#8220;#ff5726&#8243; button_border_width=&#8220;5px&#8220; button_border_color=&#8220;rgba(0,0,0,0)&#8220; button_border_radius=&#8220;15px&#8220; button_letter_spacing=&#8220;3px&#8220; button_font=&#8220;Titillium Web|700||on|||||&#8220; button_icon=&#8220;&#x39;||divi||400&#8243; custom_margin=&#8220;55px|||0px|false|false&#8220; custom_margin_tablet=&#8220;55px|||0px|false|false&#8220; custom_margin_phone=&#8220;0px|50px||0px|false|false&#8220; custom_margin_last_edited=&#8220;on|phone&#8220; custom_padding=&#8220;10px|25px|10px|25px|true|true&#8220; locked=&#8220;off&#8220; global_colors_info=&#8220;{}&#8220; button_bg_color__hover_enabled=&#8220;on|hover&#8220; button_bg_color__hover=&#8220;#dc3100&#8243; button_bg_enable_color__hover=&#8220;on&#8220; transform_styles__hover_enabled=&#8220;on|hover&#8220; transform_scale__hover_enabled=&#8220;on|hover&#8220; transform_translate__hover_enabled=&#8220;on|hover&#8220; transform_rotate__hover_enabled=&#8220;on|hover&#8220; transform_skew__hover_enabled=&#8220;on|hover&#8220; transform_origin__hover_enabled=&#8220;on|hover&#8220; transform_scale__hover=&#8220;105%|105%&#8220;][\/et_pb_button][\/et_pb_column][\/et_pb_row][\/et_pb_section]<\/p>\n","protected":false},"excerpt":{"rendered":"<p>Wie finde ich einen Arzt Die pers\u00f6nliche Mikrobiom-Behandlung erfolgt immer durch einen Arzt.Es gibt 2 M\u00f6glichkeiten, einen Arzt auszuw\u00e4hlen:\u00a0 Option 1. Ihr eigener ArztDies kann Ihr eigener Hausarzt sein,\u00a0oder ein Arzt, der Sie gerade behandelt. Besprechen Sie es mit ihm oder ihr, wenn Sie eine Mikrobiom-Behandlung in Erw\u00e4gung ziehen. Option 2. Wir finden einen Arzt [&hellip;]<\/p>\n","protected":false},"author":6,"featured_media":0,"parent":0,"menu_order":0,"comment_status":"closed","ping_status":"closed","template":"","meta":{"_acf_changed":false,"_et_pb_use_builder":"on","_et_pb_old_content":"","_et_gb_content_width":"","footnotes":""},"class_list":["post-4488","page","type-page","status-publish","hentry"],"acf":[],"yoast_head":"<!-- This site is optimized with the Yoast SEO plugin v27.2 - https:\/\/yoast.com\/product\/yoast-seo-wordpress\/ -->\n<title>\u00dcberblick von \u00c4rzte - Microbiome Center<\/title>\n<meta name=\"robots\" content=\"index, follow, max-snippet:-1, max-image-preview:large, max-video-preview:-1\" \/>\n<link rel=\"canonical\" href=\"https:\/\/microbiome-center.nl\/de\/ueberblick-von-aerzte\/\" \/>\n<meta property=\"og:locale\" content=\"de_DE\" \/>\n<meta property=\"og:type\" content=\"article\" \/>\n<meta property=\"og:title\" content=\"\u00dcberblick von \u00c4rzte - Microbiome Center\" \/>\n<meta property=\"og:description\" content=\"Medizinische Webinare Hier finden Sie kurze Zusammenfassungen von Webinaren zu medizinischen und klinischen Themen, beispielsweise zur Rolle eines wichtigen Stammes der n\u00e4chsten Generation: Akkermansia municiphilia.\" \/>\n<meta property=\"og:url\" content=\"https:\/\/microbiome-center.nl\/de\/ueberblick-von-aerzte\/\" \/>\n<meta property=\"og:site_name\" content=\"Microbiome Center\" \/>\n<meta property=\"article:modified_time\" content=\"2024-03-11T16:57:43+00:00\" \/>\n<meta name=\"twitter:card\" content=\"summary_large_image\" \/>\n<meta name=\"twitter:label1\" content=\"Gesch\u00e4tzte Lesezeit\" \/>\n\t<meta name=\"twitter:data1\" content=\"1\u00a0Minute\" \/>\n<script type=\"application\/ld+json\" class=\"yoast-schema-graph\">{\"@context\":\"https:\/\/schema.org\",\"@graph\":[{\"@type\":\"WebPage\",\"@id\":\"https:\/\/microbiome-center.nl\/de\/ueberblick-von-aerzte\/\",\"url\":\"https:\/\/microbiome-center.nl\/de\/ueberblick-von-aerzte\/\",\"name\":\"\u00dcberblick von \u00c4rzte - Microbiome Center\",\"isPartOf\":{\"@id\":\"https:\/\/microbiome-center.nl\/de\/#website\"},\"datePublished\":\"2021-12-17T12:42:40+00:00\",\"dateModified\":\"2024-03-11T16:57:43+00:00\",\"breadcrumb\":{\"@id\":\"https:\/\/microbiome-center.nl\/de\/ueberblick-von-aerzte\/#breadcrumb\"},\"inLanguage\":\"de\",\"potentialAction\":[{\"@type\":\"ReadAction\",\"target\":[\"https:\/\/microbiome-center.nl\/de\/ueberblick-von-aerzte\/\"]}]},{\"@type\":\"BreadcrumbList\",\"@id\":\"https:\/\/microbiome-center.nl\/de\/ueberblick-von-aerzte\/#breadcrumb\",\"itemListElement\":[{\"@type\":\"ListItem\",\"position\":1,\"name\":\"Home\",\"item\":\"https:\/\/microbiome-center.nl\/de\/\"},{\"@type\":\"ListItem\",\"position\":2,\"name\":\"\u00dcberblick von \u00c4rzte\"}]},{\"@type\":\"WebSite\",\"@id\":\"https:\/\/microbiome-center.nl\/de\/#website\",\"url\":\"https:\/\/microbiome-center.nl\/de\/\",\"name\":\"Microbiome Center\",\"description\":\"Nieuw licht op chronische klachten\",\"potentialAction\":[{\"@type\":\"SearchAction\",\"target\":{\"@type\":\"EntryPoint\",\"urlTemplate\":\"https:\/\/microbiome-center.nl\/de\/?s={search_term_string}\"},\"query-input\":{\"@type\":\"PropertyValueSpecification\",\"valueRequired\":true,\"valueName\":\"search_term_string\"}}],\"inLanguage\":\"de\"}]}<\/script>\n<!-- \/ Yoast SEO plugin. -->","yoast_head_json":{"title":"\u00dcberblick von \u00c4rzte - Microbiome Center","robots":{"index":"index","follow":"follow","max-snippet":"max-snippet:-1","max-image-preview":"max-image-preview:large","max-video-preview":"max-video-preview:-1"},"canonical":"https:\/\/microbiome-center.nl\/de\/ueberblick-von-aerzte\/","og_locale":"de_DE","og_type":"article","og_title":"\u00dcberblick von \u00c4rzte - Microbiome Center","og_description":"Medizinische Webinare Hier finden Sie kurze Zusammenfassungen von Webinaren zu medizinischen und klinischen Themen, beispielsweise zur Rolle eines wichtigen Stammes der n\u00e4chsten Generation: Akkermansia municiphilia.","og_url":"https:\/\/microbiome-center.nl\/de\/ueberblick-von-aerzte\/","og_site_name":"Microbiome Center","article_modified_time":"2024-03-11T16:57:43+00:00","twitter_card":"summary_large_image","twitter_misc":{"Gesch\u00e4tzte Lesezeit":"1\u00a0Minute"},"schema":{"@context":"https:\/\/schema.org","@graph":[{"@type":"WebPage","@id":"https:\/\/microbiome-center.nl\/de\/ueberblick-von-aerzte\/","url":"https:\/\/microbiome-center.nl\/de\/ueberblick-von-aerzte\/","name":"\u00dcberblick von \u00c4rzte - Microbiome Center","isPartOf":{"@id":"https:\/\/microbiome-center.nl\/de\/#website"},"datePublished":"2021-12-17T12:42:40+00:00","dateModified":"2024-03-11T16:57:43+00:00","breadcrumb":{"@id":"https:\/\/microbiome-center.nl\/de\/ueberblick-von-aerzte\/#breadcrumb"},"inLanguage":"de","potentialAction":[{"@type":"ReadAction","target":["https:\/\/microbiome-center.nl\/de\/ueberblick-von-aerzte\/"]}]},{"@type":"BreadcrumbList","@id":"https:\/\/microbiome-center.nl\/de\/ueberblick-von-aerzte\/#breadcrumb","itemListElement":[{"@type":"ListItem","position":1,"name":"Home","item":"https:\/\/microbiome-center.nl\/de\/"},{"@type":"ListItem","position":2,"name":"\u00dcberblick von \u00c4rzte"}]},{"@type":"WebSite","@id":"https:\/\/microbiome-center.nl\/de\/#website","url":"https:\/\/microbiome-center.nl\/de\/","name":"Microbiome Center","description":"Nieuw licht op chronische klachten","potentialAction":[{"@type":"SearchAction","target":{"@type":"EntryPoint","urlTemplate":"https:\/\/microbiome-center.nl\/de\/?s={search_term_string}"},"query-input":{"@type":"PropertyValueSpecification","valueRequired":true,"valueName":"search_term_string"}}],"inLanguage":"de"}]}},"_links":{"self":[{"href":"https:\/\/microbiome-center.nl\/de\/wp-json\/wp\/v2\/pages\/4488","targetHints":{"allow":["GET"]}}],"collection":[{"href":"https:\/\/microbiome-center.nl\/de\/wp-json\/wp\/v2\/pages"}],"about":[{"href":"https:\/\/microbiome-center.nl\/de\/wp-json\/wp\/v2\/types\/page"}],"author":[{"embeddable":true,"href":"https:\/\/microbiome-center.nl\/de\/wp-json\/wp\/v2\/users\/6"}],"replies":[{"embeddable":true,"href":"https:\/\/microbiome-center.nl\/de\/wp-json\/wp\/v2\/comments?post=4488"}],"version-history":[{"count":26,"href":"https:\/\/microbiome-center.nl\/de\/wp-json\/wp\/v2\/pages\/4488\/revisions"}],"predecessor-version":[{"id":8971,"href":"https:\/\/microbiome-center.nl\/de\/wp-json\/wp\/v2\/pages\/4488\/revisions\/8971"}],"wp:attachment":[{"href":"https:\/\/microbiome-center.nl\/de\/wp-json\/wp\/v2\/media?parent=4488"}],"curies":[{"name":"wp","href":"https:\/\/api.w.org\/{rel}","templated":true}]}}