{"id":4483,"date":"2021-12-17T13:24:43","date_gmt":"2021-12-17T12:24:43","guid":{"rendered":"https:\/\/microbiome-center.nl\/behandlung\/"},"modified":"2024-12-05T20:09:04","modified_gmt":"2024-12-05T19:09:04","slug":"behandlung","status":"publish","type":"page","link":"https:\/\/microbiome-center.nl\/de\/behandlung\/","title":{"rendered":"Behandlung"},"content":{"rendered":"<p>[et_pb_section fb_built=&#8220;1&#8243; _builder_version=&#8220;4.16&#8243; _module_preset=&#8220;default&#8220; use_background_color_gradient=&#8220;on&#8220; background_color_gradient_direction=&#8220;90deg&#8220; background_color_gradient_stops=&#8220;rgba(43,135,218,0) 0%|#05918f 56%&#8220; background_color_gradient_start=&#8220;rgba(43,135,218,0)&#8220; background_color_gradient_end=&#8220;#05918f&#8220; background_color_gradient_end_position=&#8220;56%&#8220; background_image=&#8220;https:\/\/microbiome-center.nl\/wp-content\/uploads\/2020\/11\/health-clinic-34-1.jpg&#8220; background_blend=&#8220;multiply&#8220; custom_padding=&#8220;||20px|||&#8220; global_colors_info=&#8220;{}&#8220;][et_pb_row _builder_version=&#8220;4.16&#8243; _module_preset=&#8220;default&#8220; custom_margin=&#8220;45px|auto|1px|auto|false|false&#8220; animation_style=&#8220;flip&#8220; global_colors_info=&#8220;{}&#8220;][et_pb_column type=&#8220;4_4&#8243; _builder_version=&#8220;4.16&#8243; _module_preset=&#8220;default&#8220; global_colors_info=&#8220;{}&#8220;][et_pb_text _builder_version=&#8220;4.16&#8243; text_font=&#8220;Titillium Web|600|||||||&#8220; text_text_color=&#8220;#ffffff&#8220; text_line_height=&#8220;1.5em&#8220; header_font=&#8220;Titillium Web|700|||||||&#8220; header_text_align=&#8220;left&#8220; header_text_color=&#8220;#ffffff&#8220; header_font_size=&#8220;50px&#8220; header_line_height=&#8220;1.2em&#8220; background_layout=&#8220;dark&#8220; max_width_tablet=&#8220;&#8220; max_width_phone=&#8220;&#8220; max_width_last_edited=&#8220;on|desktop&#8220; custom_margin=&#8220;29px|||||&#8220; custom_padding=&#8220;|29px||||&#8220; text_font_size_tablet=&#8220;16px&#8220; text_font_size_phone=&#8220;14px&#8220; text_font_size_last_edited=&#8220;on|phone&#8220; header_font_size_tablet=&#8220;40px&#8220; header_font_size_phone=&#8220;28px&#8220; header_font_size_last_edited=&#8220;on|phone&#8220; locked=&#8220;off&#8220; global_colors_info=&#8220;{}&#8220; text_font_size__hover=&#8220;14px&#8220; text_font_size__hover_enabled=&#8220;14px&#8220;]<\/p>\n<h1>Eine Behandlung<\/h1>\n<p>Ausgangspunkt der Behandlung ist in der Regel der begr\u00fcndete Verdacht des Arztes, dass das gesundheitliche Problem mit einem Mikrobiomproblem zusammenh\u00e4ngt. Der Verdacht entsteht oft bei chronischen Beschwerden in Kombination mit Magen-Darm-Problemen; vor allem, wenn auch anhaltende M\u00fcdigkeit besteht. In diesem Fall lohnt es sich, durch eine Stuhlanalyse herauszufinden, ob ein Mikrobiomproblem vorliegt.<\/p>\n<p>[\/et_pb_text][\/et_pb_column][\/et_pb_row][\/et_pb_section][et_pb_section fb_built=&#8220;1&#8243; _builder_version=&#8220;4.16&#8243; background_color=&#8220;#f7f5f2&#8243; custom_margin=&#8220;-2px|||||&#8220; custom_padding=&#8220;36px|0px|100px|0px|false|false&#8220; locked=&#8220;off&#8220; global_colors_info=&#8220;{}&#8220;][et_pb_row _builder_version=&#8220;4.16&#8243; max_width=&#8220;800px&#8220; custom_padding=&#8220;5px|||||&#8220; use_custom_width=&#8220;on&#8220; custom_width_px=&#8220;800px&#8220; locked=&#8220;off&#8220; global_colors_info=&#8220;{}&#8220;][et_pb_column type=&#8220;4_4&#8243; _builder_version=&#8220;4.16&#8243; custom_padding=&#8220;|||&#8220; global_colors_info=&#8220;{}&#8220; custom_padding__hover=&#8220;|||&#8220;][et_pb_text admin_label=&#8220;Tekst&#8220; _builder_version=&#8220;4.16&#8243; text_font=&#8220;Work Sans||||||||&#8220; text_line_height=&#8220;1.8em&#8220; header_font=&#8220;||||||||&#8220; header_2_font=&#8220;Titillium Web|700|||||||&#8220; header_2_text_color=&#8220;#2e2645&#8243; header_2_font_size=&#8220;40px&#8220; header_2_line_height=&#8220;1.4em&#8220; text_font_size_tablet=&#8220;16px&#8220; text_font_size_phone=&#8220;14px&#8220; text_font_size_last_edited=&#8220;on|phone&#8220; header_2_font_size_tablet=&#8220;30px&#8220; header_2_font_size_phone=&#8220;22px&#8220; header_2_font_size_last_edited=&#8220;on|phone&#8220; locked=&#8220;off&#8220; global_colors_info=&#8220;{}&#8220; header_font_size__hover=&#8220;30px&#8220; header_font_size__hover_enabled=&#8220;30px&#8220; header_letter_spacing__hover=&#8220;0px&#8220; header_letter_spacing__hover_enabled=&#8220;0px&#8220; header_text_shadow_style__hover=&#8220;none&#8220; header_text_shadow_style__hover_enabled=&#8220;none&#8220; header_text_shadow_color__hover=&#8220;rgba(0,0,0,0.4)&#8220; header_text_shadow_color__hover_enabled=&#8220;rgba(0,0,0,0.4)&#8220; text_font_size__hover=&#8220;14px&#8220; text_font_size__hover_enabled=&#8220;14px&#8220; text_letter_spacing__hover=&#8220;0px&#8220; text_letter_spacing__hover_enabled=&#8220;0px&#8220; text_line_height__hover=&#8220;1.7em&#8220; text_line_height__hover_enabled=&#8220;1.7em&#8220; text_text_shadow_style__hover=&#8220;none&#8220; text_text_shadow_style__hover_enabled=&#8220;none&#8220; text_text_shadow_color__hover=&#8220;rgba(0,0,0,0.4)&#8220; text_text_shadow_color__hover_enabled=&#8220;rgba(0,0,0,0.4)&#8220; link_font_size__hover=&#8220;14px&#8220; link_font_size__hover_enabled=&#8220;14px&#8220; link_letter_spacing__hover=&#8220;0px&#8220; link_letter_spacing__hover_enabled=&#8220;0px&#8220; link_line_height__hover=&#8220;1em&#8220; link_line_height__hover_enabled=&#8220;1em&#8220; link_text_shadow_style__hover=&#8220;none&#8220; link_text_shadow_style__hover_enabled=&#8220;none&#8220; link_text_shadow_color__hover=&#8220;rgba(0,0,0,0.4)&#8220; link_text_shadow_color__hover_enabled=&#8220;rgba(0,0,0,0.4)&#8220; ul_font_size__hover=&#8220;14px&#8220; ul_font_size__hover_enabled=&#8220;14px&#8220; ul_letter_spacing__hover=&#8220;0px&#8220; ul_letter_spacing__hover_enabled=&#8220;0px&#8220; ul_line_height__hover=&#8220;1em&#8220; ul_line_height__hover_enabled=&#8220;1em&#8220; ul_text_shadow_style__hover=&#8220;none&#8220; ul_text_shadow_style__hover_enabled=&#8220;none&#8220; ul_text_shadow_color__hover=&#8220;rgba(0,0,0,0.4)&#8220; ul_text_shadow_color__hover_enabled=&#8220;rgba(0,0,0,0.4)&#8220; ol_font_size__hover=&#8220;14px&#8220; ol_font_size__hover_enabled=&#8220;14px&#8220; ol_letter_spacing__hover=&#8220;0px&#8220; ol_letter_spacing__hover_enabled=&#8220;0px&#8220; ol_line_height__hover=&#8220;1em&#8220; ol_line_height__hover_enabled=&#8220;1em&#8220; ol_text_shadow_style__hover=&#8220;none&#8220; ol_text_shadow_style__hover_enabled=&#8220;none&#8220; ol_text_shadow_color__hover=&#8220;rgba(0,0,0,0.4)&#8220; ol_text_shadow_color__hover_enabled=&#8220;rgba(0,0,0,0.4)&#8220; quote_font_size__hover=&#8220;14px&#8220; quote_font_size__hover_enabled=&#8220;14px&#8220; quote_letter_spacing__hover=&#8220;0px&#8220; quote_letter_spacing__hover_enabled=&#8220;0px&#8220; quote_line_height__hover=&#8220;1em&#8220; quote_line_height__hover_enabled=&#8220;1em&#8220; quote_text_shadow_style__hover=&#8220;none&#8220; quote_text_shadow_style__hover_enabled=&#8220;none&#8220; quote_text_shadow_color__hover=&#8220;rgba(0,0,0,0.4)&#8220; quote_text_shadow_color__hover_enabled=&#8220;rgba(0,0,0,0.4)&#8220; text_orientation__hover=&#8220;left&#8220; text_orientation__hover_enabled=&#8220;left&#8220; background_layout__hover=&#8220;light&#8220; background_layout__hover_enabled=&#8220;light&#8220; max_width__hover=&#8220;100%&#8220; max_width__hover_enabled=&#8220;100%&#8220;]<\/p>\n<h2>Eine durchschnittliche Behandlung<\/h2>\n<p>[\/et_pb_text][et_pb_accordion open_toggle_text_color=&#8220;#ffffff&#8220; open_toggle_background_color=&#8220;#2e2645&#8243; closed_toggle_background_color=&#8220;rgba(5,145,143,0.09)&#8220; icon_color=&#8220;#05918f&#8220; _builder_version=&#8220;4.27.2&#8243; toggle_level=&#8220;h2&#8243; toggle_font=&#8220;Titillium Web|700||on|||||&#8220; toggle_text_align=&#8220;left&#8220; toggle_font_size=&#8220;16px&#8220; toggle_letter_spacing=&#8220;2px&#8220; toggle_line_height=&#8220;1.2em&#8220; body_font=&#8220;Titillium Web||||||||&#8220; body_text_color=&#8220;#ffffff&#8220; body_font_size=&#8220;17px&#8220; body_line_height=&#8220;1.8em&#8220; text_orientation=&#8220;left&#8220; hover_enabled=&#8220;0&#8243; body_font_size_tablet=&#8220;16px&#8220; body_font_size_phone=&#8220;14px&#8220; body_font_size_last_edited=&#8220;on|phone&#8220; border_radii=&#8220;|30px||30px|&#8220; border_width_all=&#8220;0px&#8220; locked=&#8220;off&#8220; global_colors_info=&#8220;{}&#8220; body_line_height__hover=&#8220;1.7em&#8220; body_line_height__hover_enabled=&#8220;1.7em&#8220; background__hover_enabled=&#8220;on|desktop&#8220; sticky_enabled=&#8220;0&#8243;][et_pb_accordion_item title=&#8220;Die wichtigsten Elemente einer Behandlung&#8220; open=&#8220;on&#8220; _builder_version=&#8220;4.16&#8243; _module_preset=&#8220;default&#8220; global_colors_info=&#8220;{}&#8220;][\/et_pb_accordion_item][et_pb_accordion_item title=&#8220;Mikrobiom Analyse&#8220; _builder_version=&#8220;4.16&#8243; global_colors_info=&#8220;{}&#8220; open=&#8220;off&#8220;]<\/p>\n<p>Neben dem medizinischen Hintergrund wird eine umfangreiche Stuhluntersuchung durchgef\u00fchrt. Mit modernsten \u201eSequenzierungs\u201c-Techniken werden 250 Parameter untersucht, die dem Arzt einen guten Einblick in die Zusammensetzung des Mikrobioms geben. Dies ist die Basis f\u00fcr die individuelle Behandlung.<\/p>\n<p>Der Analyseprozess dauert ca. 3 Wochen.<\/p>\n<p>[\/et_pb_accordion_item][et_pb_accordion_item title=&#8220;MyOwnBlend  &#8211;   pers\u00f6nliches Rezept&#8220; _builder_version=&#8220;4.21.0&#8243; _module_preset=&#8220;default&#8220; global_colors_info=&#8220;{}&#8220; open=&#8220;off&#8220;]<\/p>\n<p>Das Ergebnis der Mikrobiomanalyse wird individuell mit den neuesten wissenschaftlichen Publikationen und Erkenntnissen verglichen. Auf dieser Grundlage erstellt der Arzt ein Rezept mit den notwendigen Vor- und<br \/>probiotische St\u00e4mme (genannt MyOwnBlend). Die verwendeten St\u00e4mme werden daher pro Person wissenschaftlich belegt und in der richtigen Dosierung zugegeben. Wird vom Arzt bestimmt.<br \/>Das Rezept geht an den Apotheker, der den Apothekencheck durchf\u00fchrt und dann vorbereitet. Das MyOwnBlend wird innerhalb weniger Tage an die Heimatadresse verschickt.<\/p>\n<p>[\/et_pb_accordion_item][et_pb_accordion_item title=&#8220;Lebensstil&#8220; _builder_version=&#8220;4.21.0&#8243; _module_preset=&#8220;default&#8220; global_colors_info=&#8220;{}&#8220; open=&#8220;off&#8220;]<\/p>\n<p>Bei fast allen Behandlungen achtet der Arzt auf die Bedeutung des Lebensstils und den gro\u00dfen Gesundheitseffekt: Ern\u00e4hrung, Bewegung, Ruhe, Stress, Sinn. Ein pr\u00e4gnantes \u201eLebensstil-Rezept f\u00fcr die Darmgesundheit\u201c ist beim Arzt erh\u00e4ltlich, um Sie bei einer gesunden Lebensweise zu unterst\u00fctzen.<\/p>\n<p>[\/et_pb_accordion_item][et_pb_accordion_item title=&#8220;Individuelle Effektmessung&#8220; _builder_version=&#8220;4.21.0&#8243; _module_preset=&#8220;default&#8220; global_colors_info=&#8220;{}&#8220; open=&#8220;off&#8220;]<\/p>\n<p>Neben der Unterst\u00fctzung des Arztes f\u00fchrt das Mikrobiom-Zentrum auch ein Servicegespr\u00e4ch durch. In diesem Gespr\u00e4ch fragen wir, ob alles gut angekommen ist und ob es noch weitere Fragen, beispielsweise zur Anwendung des Arzneimittels, gibt. Nach dem Behandlungsverlauf folgt ein zweites Gespr\u00e4ch \u00fcber das Ergebnis. Auch Fragen \u00fcber wie weiter zu gehen, oder zu einem m\u00f6glichen Erhaltungseinsatz, k\u00f6nnen ber\u00fccksichtigt werden.<\/p>\n<p>[\/et_pb_accordion_item][et_pb_accordion_item title=&#8220;Kosten&#8220; _builder_version=&#8220;4.27.2&#8243; _module_preset=&#8220;default&#8220; hover_enabled=&#8220;0&#8243; global_colors_info=&#8220;{}&#8220; open=&#8220;off&#8220; sticky_enabled=&#8220;0&#8243;]<\/p>\n<p>Die Kosten einer Behandlung h\u00e4ngen davon ab, was Kunde und Arzt gemeinsam vereinbaren. Die Kosten f\u00fcr alles, was in Gang gesetzt wird, ist im Voraus bekannt.<\/p>\n<p>Die Kosten f\u00fcr eine Analyse liegen in der Regel bei ca \u20ac &#8211; 250 \u20ac. Anhand der Ergebnisse wird gepr\u00fcft, ob ein pers\u00f6nliches Rezept (MyOwnBlend) erforderlich ist. In diesem Fall betragen die Kosten f\u00fcr eine Kur von 2-3 Monaten ca. 275 \u20ac. <em>Bitte beachten Sie: Dies beinhaltet keine Dolmetschung oder Beratung durch einen Arzt.<\/em><\/p>\n<p>Es ist m\u00f6glich, dass ein Teil der Kosten vom Versicherer erstattet wird. Dies h\u00e4ngt stark von der Krankenversicherung ab. Wir untersuchen noch, ob die Kosten in bestimmten F\u00e4llen auch von der Steuererkl\u00e4rung abgezogen werden.<\/p>\n<p>[\/et_pb_accordion_item][\/et_pb_accordion][\/et_pb_column][\/et_pb_row][et_pb_row column_structure=&#8220;2_5,3_5&#8243; _builder_version=&#8220;4.16&#8243; _module_preset=&#8220;default&#8220; global_colors_info=&#8220;{}&#8220;][et_pb_column type=&#8220;2_5&#8243; _builder_version=&#8220;4.16&#8243; _module_preset=&#8220;default&#8220; global_colors_info=&#8220;{}&#8220;][et_pb_button button_url=&#8220;https:\/\/microbiome-center.nl\/de\/ueberblick-von-aerzte\/&#8220; button_text=&#8220;Einen Arzt suchen&#8220; button_alignment=&#8220;right&#8220; admin_label=&#8220;Knop Zoek een arts&#8220; _builder_version=&#8220;4.16&#8243; custom_button=&#8220;on&#8220; button_text_size=&#8220;16px&#8220; button_text_color=&#8220;#ffffff&#8220; button_bg_color=&#8220;#ff5726&#8243; button_border_width=&#8220;5px&#8220; button_border_color=&#8220;rgba(0,0,0,0)&#8220; button_border_radius=&#8220;15px&#8220; button_letter_spacing=&#8220;3px&#8220; button_font=&#8220;Titillium Web|700||on|||||&#8220; button_icon=&#8220;&#x39;||divi||400&#8243; custom_margin=&#8220;55px|||45px|false|false&#8220; custom_padding=&#8220;10px|25px|10px|25px|true|true&#8220; locked=&#8220;off&#8220; global_colors_info=&#8220;{}&#8220; button_bg_color__hover_enabled=&#8220;on|hover&#8220; button_bg_color__hover=&#8220;#dc3100&#8243; button_bg_enable_color__hover=&#8220;on&#8220; transform_styles__hover_enabled=&#8220;on|hover&#8220; transform_scale__hover_enabled=&#8220;on|hover&#8220; transform_translate__hover_enabled=&#8220;on|hover&#8220; transform_rotate__hover_enabled=&#8220;on|hover&#8220; transform_skew__hover_enabled=&#8220;on|hover&#8220; transform_origin__hover_enabled=&#8220;on|hover&#8220; transform_scale__hover=&#8220;105%|105%&#8220;][\/et_pb_button][\/et_pb_column][et_pb_column type=&#8220;3_5&#8243; _builder_version=&#8220;4.16&#8243; _module_preset=&#8220;default&#8220; global_colors_info=&#8220;{}&#8220;][et_pb_button button_url=&#8220;https:\/\/microbiomeproduction.azurewebsites.net\/Account\/Register&#8220; button_text=&#8220;Haben Sie einen Arzt? Registrieren Sie sich&#8220; button_alignment=&#8220;left&#8220; admin_label=&#8220;Knop Registreer&#8220; _builder_version=&#8220;4.16&#8243; custom_button=&#8220;on&#8220; button_text_size=&#8220;16px&#8220; button_text_color=&#8220;#ffffff&#8220; button_bg_color=&#8220;#ff5726&#8243; button_border_width=&#8220;5px&#8220; button_border_color=&#8220;rgba(0,0,0,0)&#8220; button_border_radius=&#8220;15px&#8220; button_letter_spacing=&#8220;3px&#8220; button_font=&#8220;Titillium Web|700||on|||||&#8220; button_icon=&#8220;&#x39;||divi||400&#8243; custom_margin=&#8220;55px|||45px|false|false&#8220; custom_padding=&#8220;10px|25px|10px|25px|true|true&#8220; locked=&#8220;off&#8220; global_colors_info=&#8220;{}&#8220; button_bg_color__hover_enabled=&#8220;on|hover&#8220; button_bg_color__hover=&#8220;#dc3100&#8243; button_bg_enable_color__hover=&#8220;on&#8220; transform_styles__hover_enabled=&#8220;on|hover&#8220; transform_scale__hover_enabled=&#8220;on|hover&#8220; transform_translate__hover_enabled=&#8220;on|hover&#8220; transform_rotate__hover_enabled=&#8220;on|hover&#8220; transform_skew__hover_enabled=&#8220;on|hover&#8220; transform_origin__hover_enabled=&#8220;on|hover&#8220; transform_scale__hover=&#8220;105%|105%&#8220;][\/et_pb_button][\/et_pb_column][\/et_pb_row][\/et_pb_section]<\/p>\n","protected":false},"excerpt":{"rendered":"<p>Eine Behandlung Ausgangspunkt der Behandlung ist in der Regel der begr\u00fcndete Verdacht des Arztes, dass das gesundheitliche Problem mit einem Mikrobiomproblem zusammenh\u00e4ngt. Der Verdacht entsteht oft bei chronischen Beschwerden in Kombination mit Magen-Darm-Problemen; vor allem, wenn auch anhaltende M\u00fcdigkeit besteht. In diesem Fall lohnt es sich, durch eine Stuhlanalyse herauszufinden, ob ein Mikrobiomproblem vorliegt.Eine durchschnittliche [&hellip;]<\/p>\n","protected":false},"author":6,"featured_media":0,"parent":0,"menu_order":0,"comment_status":"closed","ping_status":"closed","template":"","meta":{"_acf_changed":false,"_et_pb_use_builder":"on","_et_pb_old_content":"","_et_gb_content_width":"","footnotes":""},"class_list":["post-4483","page","type-page","status-publish","hentry"],"acf":[],"yoast_head":"<!-- This site is optimized with the Yoast SEO plugin v27.2 - https:\/\/yoast.com\/product\/yoast-seo-wordpress\/ -->\n<title>Behandlung - Microbiome Center<\/title>\n<meta name=\"robots\" content=\"index, follow, max-snippet:-1, max-image-preview:large, max-video-preview:-1\" \/>\n<link rel=\"canonical\" href=\"https:\/\/microbiome-center.nl\/de\/behandlung\/\" \/>\n<meta property=\"og:locale\" content=\"de_DE\" \/>\n<meta property=\"og:type\" content=\"article\" \/>\n<meta property=\"og:title\" content=\"Behandlung - Microbiome Center\" \/>\n<meta property=\"og:description\" content=\"Medizinische Webinare Hier finden Sie kurze Zusammenfassungen von Webinaren zu medizinischen und klinischen Themen, beispielsweise zur Rolle eines wichtigen Stammes der n\u00e4chsten Generation: Akkermansia municiphilia.\" \/>\n<meta property=\"og:url\" content=\"https:\/\/microbiome-center.nl\/de\/behandlung\/\" \/>\n<meta property=\"og:site_name\" content=\"Microbiome Center\" \/>\n<meta property=\"article:modified_time\" content=\"2024-12-05T19:09:04+00:00\" \/>\n<meta name=\"twitter:card\" content=\"summary_large_image\" \/>\n<meta name=\"twitter:label1\" content=\"Gesch\u00e4tzte Lesezeit\" \/>\n\t<meta name=\"twitter:data1\" content=\"4\u00a0Minuten\" \/>\n<script type=\"application\/ld+json\" class=\"yoast-schema-graph\">{\"@context\":\"https:\/\/schema.org\",\"@graph\":[{\"@type\":\"WebPage\",\"@id\":\"https:\/\/microbiome-center.nl\/de\/behandlung\/\",\"url\":\"https:\/\/microbiome-center.nl\/de\/behandlung\/\",\"name\":\"Behandlung - Microbiome Center\",\"isPartOf\":{\"@id\":\"https:\/\/microbiome-center.nl\/de\/#website\"},\"datePublished\":\"2021-12-17T12:24:43+00:00\",\"dateModified\":\"2024-12-05T19:09:04+00:00\",\"breadcrumb\":{\"@id\":\"https:\/\/microbiome-center.nl\/de\/behandlung\/#breadcrumb\"},\"inLanguage\":\"de\",\"potentialAction\":[{\"@type\":\"ReadAction\",\"target\":[\"https:\/\/microbiome-center.nl\/de\/behandlung\/\"]}]},{\"@type\":\"BreadcrumbList\",\"@id\":\"https:\/\/microbiome-center.nl\/de\/behandlung\/#breadcrumb\",\"itemListElement\":[{\"@type\":\"ListItem\",\"position\":1,\"name\":\"Home\",\"item\":\"https:\/\/microbiome-center.nl\/de\/\"},{\"@type\":\"ListItem\",\"position\":2,\"name\":\"Behandlung\"}]},{\"@type\":\"WebSite\",\"@id\":\"https:\/\/microbiome-center.nl\/de\/#website\",\"url\":\"https:\/\/microbiome-center.nl\/de\/\",\"name\":\"Microbiome Center\",\"description\":\"Nieuw licht op chronische klachten\",\"potentialAction\":[{\"@type\":\"SearchAction\",\"target\":{\"@type\":\"EntryPoint\",\"urlTemplate\":\"https:\/\/microbiome-center.nl\/de\/?s={search_term_string}\"},\"query-input\":{\"@type\":\"PropertyValueSpecification\",\"valueRequired\":true,\"valueName\":\"search_term_string\"}}],\"inLanguage\":\"de\"}]}<\/script>\n<!-- \/ Yoast SEO plugin. -->","yoast_head_json":{"title":"Behandlung - Microbiome Center","robots":{"index":"index","follow":"follow","max-snippet":"max-snippet:-1","max-image-preview":"max-image-preview:large","max-video-preview":"max-video-preview:-1"},"canonical":"https:\/\/microbiome-center.nl\/de\/behandlung\/","og_locale":"de_DE","og_type":"article","og_title":"Behandlung - Microbiome Center","og_description":"Medizinische Webinare Hier finden Sie kurze Zusammenfassungen von Webinaren zu medizinischen und klinischen Themen, beispielsweise zur Rolle eines wichtigen Stammes der n\u00e4chsten Generation: Akkermansia municiphilia.","og_url":"https:\/\/microbiome-center.nl\/de\/behandlung\/","og_site_name":"Microbiome Center","article_modified_time":"2024-12-05T19:09:04+00:00","twitter_card":"summary_large_image","twitter_misc":{"Gesch\u00e4tzte Lesezeit":"4\u00a0Minuten"},"schema":{"@context":"https:\/\/schema.org","@graph":[{"@type":"WebPage","@id":"https:\/\/microbiome-center.nl\/de\/behandlung\/","url":"https:\/\/microbiome-center.nl\/de\/behandlung\/","name":"Behandlung - Microbiome Center","isPartOf":{"@id":"https:\/\/microbiome-center.nl\/de\/#website"},"datePublished":"2021-12-17T12:24:43+00:00","dateModified":"2024-12-05T19:09:04+00:00","breadcrumb":{"@id":"https:\/\/microbiome-center.nl\/de\/behandlung\/#breadcrumb"},"inLanguage":"de","potentialAction":[{"@type":"ReadAction","target":["https:\/\/microbiome-center.nl\/de\/behandlung\/"]}]},{"@type":"BreadcrumbList","@id":"https:\/\/microbiome-center.nl\/de\/behandlung\/#breadcrumb","itemListElement":[{"@type":"ListItem","position":1,"name":"Home","item":"https:\/\/microbiome-center.nl\/de\/"},{"@type":"ListItem","position":2,"name":"Behandlung"}]},{"@type":"WebSite","@id":"https:\/\/microbiome-center.nl\/de\/#website","url":"https:\/\/microbiome-center.nl\/de\/","name":"Microbiome Center","description":"Nieuw licht op chronische klachten","potentialAction":[{"@type":"SearchAction","target":{"@type":"EntryPoint","urlTemplate":"https:\/\/microbiome-center.nl\/de\/?s={search_term_string}"},"query-input":{"@type":"PropertyValueSpecification","valueRequired":true,"valueName":"search_term_string"}}],"inLanguage":"de"}]}},"_links":{"self":[{"href":"https:\/\/microbiome-center.nl\/de\/wp-json\/wp\/v2\/pages\/4483","targetHints":{"allow":["GET"]}}],"collection":[{"href":"https:\/\/microbiome-center.nl\/de\/wp-json\/wp\/v2\/pages"}],"about":[{"href":"https:\/\/microbiome-center.nl\/de\/wp-json\/wp\/v2\/types\/page"}],"author":[{"embeddable":true,"href":"https:\/\/microbiome-center.nl\/de\/wp-json\/wp\/v2\/users\/6"}],"replies":[{"embeddable":true,"href":"https:\/\/microbiome-center.nl\/de\/wp-json\/wp\/v2\/comments?post=4483"}],"version-history":[{"count":8,"href":"https:\/\/microbiome-center.nl\/de\/wp-json\/wp\/v2\/pages\/4483\/revisions"}],"predecessor-version":[{"id":11264,"href":"https:\/\/microbiome-center.nl\/de\/wp-json\/wp\/v2\/pages\/4483\/revisions\/11264"}],"wp:attachment":[{"href":"https:\/\/microbiome-center.nl\/de\/wp-json\/wp\/v2\/media?parent=4483"}],"curies":[{"name":"wp","href":"https:\/\/api.w.org\/{rel}","templated":true}]}}